{"id":3908,"date":"2019-05-27T14:13:22","date_gmt":"2019-05-27T18:13:22","guid":{"rendered":"https:\/\/lmrlawyers.com\/?page_id=3908"},"modified":"2019-05-27T14:21:46","modified_gmt":"2019-05-27T18:21:46","slug":"droit-de-la-construction","status":"publish","type":"page","link":"https:\/\/lmrlawyers.com\/fr\/services\/droit-de-la-construction\/","title":{"rendered":"Droit de la <span>construction<\/span>"},"content":{"rendered":"<p>Le groupe en droit de la construction chez Low Murchison Radnoff poss\u00e8de de vastes connaissances et une grande exp\u00e9rience dans le traitement de probl\u00e8mes juridiques li\u00e9s aux projets de construction allant de leur conception jusqu\u2019\u00e0 leur fin, et plus! En tant que conseillers dans cette industrie, nous comprenons les nombreux d\u00e9fis auxquels vous \u00eates confront\u00e9s et nous pouvons vous aider \u00e0 mener \u00e0 bien votre projet.<\/p>\n<p>Nous avons agi pour le compte d\u2019importants propri\u00e9taires (notamment le gouvernement f\u00e9d\u00e9ral, les municipalit\u00e9s, les universit\u00e9s et les coll\u00e8ges), de propri\u00e9taires de maison, de cr\u00e9anciers hypoth\u00e9caires, de d\u00e9veloppeurs, d\u2019entrepreneurs, de sous-traitants et de fournisseurs. Nous pouvons vous porter main forte \u00e0 chaque \u00e9tape de votre projet. Nous pouvous r\u00e9diger vos contrats, vos demandes de proposition et vos appels d\u2019offres, et nous poss\u00e9dons aussi une vaste exp\u00e9rience dans la r\u00e9solution de probl\u00e8mes li\u00e9s aux demandes de modifications, aux retards et aux d\u00e9faillances.<\/p>\n<p>Nous offrons notre assistance aux propri\u00e9taires et aux soci\u00e9t\u00e9s de financement en ce qui a trait au financement relatif \u00e0 la construction et nous poss\u00e9dons une exp\u00e9rience appr\u00e9ciable en cautionnements.<\/p>\n<p>Notre groupe poss\u00e8de plus de 90 ann\u00e9es d\u2019exp\u00e9rience relative aux litiges de construction et au r\u00e8glement de diff\u00e9rends.<\/p>\n<p>Nous poss\u00e9dons une vaste exp\u00e9rience dans les actions en droit fond\u00e9es sur les privil\u00e8ges, les litiges contractuels, les r\u00e9clamations pour frais de retard et les questions de d\u00e9fauts de fabrication. Les avocats de notre groupe ont r\u00e9dig\u00e9 de nombreux articles sur le sujet et ont donn\u00e9 des conf\u00e9rences partout en Am\u00e9rique sur les questions li\u00e9es aux d\u00e9fis de la construction. Nous avons aussi donn\u00e9 de nombreuses conf\u00e9rences sur la nouvelle <em>Loi sur la construction<\/em>. Nous pouvons vous aider \u00e0 comprendre cette nouvelle loi maintenant en vigueur.<\/p>\n","protected":false},"excerpt":{"rendered":"<p>Le groupe en droit de la construction chez Low Murchison Radnoff poss\u00e8de de vastes connaissances et une grande exp\u00e9rience dans le traitement de probl\u00e8mes juridiques li\u00e9s aux projets de construction &hellip; <\/p>\n<p><a class=\"button\" href=\"https:\/\/lmrlawyers.com\/fr\/services\/droit-de-la-construction\/\">Continuer la lecture<\/a><\/p>\n","protected":false},"author":13,"featured_media":0,"parent":170,"menu_order":3,"comment_status":"closed","ping_status":"closed","template":"page-service.php","meta":{"_acf_changed":false,"footnotes":""},"class_list":["post-3908","page","type-page","status-publish","hentry"],"acf":[],"yoast_head":"<!-- This site is optimized with the Yoast SEO plugin v27.5 - https:\/\/yoast.com\/product\/yoast-seo-wordpress\/ -->\n<title>Droit de la construction - LMR Lawyers<\/title>\n<meta name=\"robots\" content=\"index, follow, max-snippet:-1, max-image-preview:large, max-video-preview:-1\" \/>\n<link rel=\"canonical\" href=\"https:\/\/lmrlawyers.com\/fr\/services\/droit-de-la-construction\/\" \/>\n<meta property=\"og:locale\" content=\"fr_FR\" \/>\n<meta property=\"og:type\" content=\"article\" \/>\n<meta property=\"og:title\" content=\"Droit de la construction - LMR Lawyers\" \/>\n<meta property=\"og:description\" content=\"Le groupe en droit de la construction chez Low Murchison Radnoff poss\u00e8de de vastes connaissances et une grande exp\u00e9rience dans le traitement de probl\u00e8mes juridiques li\u00e9s aux projets de construction &hellip; Continuer la lecture\" \/>\n<meta property=\"og:url\" content=\"https:\/\/lmrlawyers.com\/fr\/services\/droit-de-la-construction\/\" \/>\n<meta property=\"og:site_name\" content=\"LMR Lawyers\" \/>\n<meta property=\"article:publisher\" content=\"https:\/\/www.facebook.com\/LMRLawyers\" \/>\n<meta property=\"article:modified_time\" content=\"2019-05-27T18:21:46+00:00\" \/>\n<meta name=\"twitter:card\" content=\"summary_large_image\" \/>\n<meta name=\"twitter:site\" content=\"@LMRlawyers\" \/>\n<meta name=\"twitter:label1\" content=\"Dur\u00e9e de lecture estim\u00e9e\" \/>\n\t<meta name=\"twitter:data1\" content=\"2 minutes\" \/>\n<script type=\"application\/ld+json\" class=\"yoast-schema-graph\">{\"@context\":\"https:\\\/\\\/schema.org\",\"@graph\":[{\"@type\":\"WebPage\",\"@id\":\"https:\\\/\\\/lmrlawyers.com\\\/fr\\\/services\\\/droit-de-la-construction\\\/\",\"url\":\"https:\\\/\\\/lmrlawyers.com\\\/fr\\\/services\\\/droit-de-la-construction\\\/\",\"name\":\"Droit de la construction - LMR Lawyers\",\"isPartOf\":{\"@id\":\"https:\\\/\\\/lmrlawyers.com\\\/fr\\\/#website\"},\"datePublished\":\"2019-05-27T18:13:22+00:00\",\"dateModified\":\"2019-05-27T18:21:46+00:00\",\"breadcrumb\":{\"@id\":\"https:\\\/\\\/lmrlawyers.com\\\/fr\\\/services\\\/droit-de-la-construction\\\/#breadcrumb\"},\"inLanguage\":\"fr-FR\",\"potentialAction\":[{\"@type\":\"ReadAction\",\"target\":[\"https:\\\/\\\/lmrlawyers.com\\\/fr\\\/services\\\/droit-de-la-construction\\\/\"]}]},{\"@type\":\"BreadcrumbList\",\"@id\":\"https:\\\/\\\/lmrlawyers.com\\\/fr\\\/services\\\/droit-de-la-construction\\\/#breadcrumb\",\"itemListElement\":[{\"@type\":\"ListItem\",\"position\":1,\"name\":\"Home\",\"item\":\"https:\\\/\\\/lmrlawyers.com\\\/fr\\\/\"},{\"@type\":\"ListItem\",\"position\":2,\"name\":\"Services Juridiques\",\"item\":\"https:\\\/\\\/lmrlawyers.com\\\/fr\\\/services\\\/\"},{\"@type\":\"ListItem\",\"position\":3,\"name\":\"Droit de la construction\"}]},{\"@type\":\"WebSite\",\"@id\":\"https:\\\/\\\/lmrlawyers.com\\\/fr\\\/#website\",\"url\":\"https:\\\/\\\/lmrlawyers.com\\\/fr\\\/\",\"name\":\"LMR Lawyers\",\"description\":\"\",\"publisher\":{\"@id\":\"https:\\\/\\\/lmrlawyers.com\\\/fr\\\/#organization\"},\"potentialAction\":[{\"@type\":\"SearchAction\",\"target\":{\"@type\":\"EntryPoint\",\"urlTemplate\":\"https:\\\/\\\/lmrlawyers.com\\\/fr\\\/?s={search_term_string}\"},\"query-input\":{\"@type\":\"PropertyValueSpecification\",\"valueRequired\":true,\"valueName\":\"search_term_string\"}}],\"inLanguage\":\"fr-FR\"},{\"@type\":\"Organization\",\"@id\":\"https:\\\/\\\/lmrlawyers.com\\\/fr\\\/#organization\",\"name\":\"Low Murchison Radnoff LLP\",\"url\":\"https:\\\/\\\/lmrlawyers.com\\\/fr\\\/\",\"logo\":{\"@type\":\"ImageObject\",\"inLanguage\":\"fr-FR\",\"@id\":\"https:\\\/\\\/lmrlawyers.com\\\/fr\\\/#\\\/schema\\\/logo\\\/image\\\/\",\"url\":\"https:\\\/\\\/lmrlawyers.com\\\/wp-content\\\/uploads\\\/2015\\\/07\\\/logo.png\",\"contentUrl\":\"https:\\\/\\\/lmrlawyers.com\\\/wp-content\\\/uploads\\\/2015\\\/07\\\/logo.png\",\"width\":276,\"height\":79,\"caption\":\"Low Murchison Radnoff LLP\"},\"image\":{\"@id\":\"https:\\\/\\\/lmrlawyers.com\\\/fr\\\/#\\\/schema\\\/logo\\\/image\\\/\"},\"sameAs\":[\"https:\\\/\\\/www.facebook.com\\\/LMRLawyers\",\"https:\\\/\\\/x.com\\\/LMRlawyers\",\"https:\\\/\\\/www.linkedin.com\\\/company\\\/low-murchison-radnoff-llp\"]}]}<\/script>\n<!-- \/ Yoast SEO plugin. -->","yoast_head_json":{"title":"Droit de la construction - LMR Lawyers","robots":{"index":"index","follow":"follow","max-snippet":"max-snippet:-1","max-image-preview":"max-image-preview:large","max-video-preview":"max-video-preview:-1"},"canonical":"https:\/\/lmrlawyers.com\/fr\/services\/droit-de-la-construction\/","og_locale":"fr_FR","og_type":"article","og_title":"Droit de la construction - LMR Lawyers","og_description":"Le groupe en droit de la construction chez Low Murchison Radnoff poss\u00e8de de vastes connaissances et une grande exp\u00e9rience dans le traitement de probl\u00e8mes juridiques li\u00e9s aux projets de construction &hellip; Continuer la lecture","og_url":"https:\/\/lmrlawyers.com\/fr\/services\/droit-de-la-construction\/","og_site_name":"LMR Lawyers","article_publisher":"https:\/\/www.facebook.com\/LMRLawyers","article_modified_time":"2019-05-27T18:21:46+00:00","twitter_card":"summary_large_image","twitter_site":"@LMRlawyers","twitter_misc":{"Dur\u00e9e de lecture estim\u00e9e":"2 minutes"},"schema":{"@context":"https:\/\/schema.org","@graph":[{"@type":"WebPage","@id":"https:\/\/lmrlawyers.com\/fr\/services\/droit-de-la-construction\/","url":"https:\/\/lmrlawyers.com\/fr\/services\/droit-de-la-construction\/","name":"Droit de la construction - LMR Lawyers","isPartOf":{"@id":"https:\/\/lmrlawyers.com\/fr\/#website"},"datePublished":"2019-05-27T18:13:22+00:00","dateModified":"2019-05-27T18:21:46+00:00","breadcrumb":{"@id":"https:\/\/lmrlawyers.com\/fr\/services\/droit-de-la-construction\/#breadcrumb"},"inLanguage":"fr-FR","potentialAction":[{"@type":"ReadAction","target":["https:\/\/lmrlawyers.com\/fr\/services\/droit-de-la-construction\/"]}]},{"@type":"BreadcrumbList","@id":"https:\/\/lmrlawyers.com\/fr\/services\/droit-de-la-construction\/#breadcrumb","itemListElement":[{"@type":"ListItem","position":1,"name":"Home","item":"https:\/\/lmrlawyers.com\/fr\/"},{"@type":"ListItem","position":2,"name":"Services Juridiques","item":"https:\/\/lmrlawyers.com\/fr\/services\/"},{"@type":"ListItem","position":3,"name":"Droit de la construction"}]},{"@type":"WebSite","@id":"https:\/\/lmrlawyers.com\/fr\/#website","url":"https:\/\/lmrlawyers.com\/fr\/","name":"LMR Lawyers","description":"","publisher":{"@id":"https:\/\/lmrlawyers.com\/fr\/#organization"},"potentialAction":[{"@type":"SearchAction","target":{"@type":"EntryPoint","urlTemplate":"https:\/\/lmrlawyers.com\/fr\/?s={search_term_string}"},"query-input":{"@type":"PropertyValueSpecification","valueRequired":true,"valueName":"search_term_string"}}],"inLanguage":"fr-FR"},{"@type":"Organization","@id":"https:\/\/lmrlawyers.com\/fr\/#organization","name":"Low Murchison Radnoff LLP","url":"https:\/\/lmrlawyers.com\/fr\/","logo":{"@type":"ImageObject","inLanguage":"fr-FR","@id":"https:\/\/lmrlawyers.com\/fr\/#\/schema\/logo\/image\/","url":"https:\/\/lmrlawyers.com\/wp-content\/uploads\/2015\/07\/logo.png","contentUrl":"https:\/\/lmrlawyers.com\/wp-content\/uploads\/2015\/07\/logo.png","width":276,"height":79,"caption":"Low Murchison Radnoff LLP"},"image":{"@id":"https:\/\/lmrlawyers.com\/fr\/#\/schema\/logo\/image\/"},"sameAs":["https:\/\/www.facebook.com\/LMRLawyers","https:\/\/x.com\/LMRlawyers","https:\/\/www.linkedin.com\/company\/low-murchison-radnoff-llp"]}]}},"_links":{"self":[{"href":"https:\/\/lmrlawyers.com\/fr\/wp-json\/wp\/v2\/pages\/3908","targetHints":{"allow":["GET"]}}],"collection":[{"href":"https:\/\/lmrlawyers.com\/fr\/wp-json\/wp\/v2\/pages"}],"about":[{"href":"https:\/\/lmrlawyers.com\/fr\/wp-json\/wp\/v2\/types\/page"}],"author":[{"embeddable":true,"href":"https:\/\/lmrlawyers.com\/fr\/wp-json\/wp\/v2\/users\/13"}],"replies":[{"embeddable":true,"href":"https:\/\/lmrlawyers.com\/fr\/wp-json\/wp\/v2\/comments?post=3908"}],"version-history":[{"count":3,"href":"https:\/\/lmrlawyers.com\/fr\/wp-json\/wp\/v2\/pages\/3908\/revisions"}],"predecessor-version":[{"id":3918,"href":"https:\/\/lmrlawyers.com\/fr\/wp-json\/wp\/v2\/pages\/3908\/revisions\/3918"}],"up":[{"embeddable":true,"href":"https:\/\/lmrlawyers.com\/fr\/wp-json\/wp\/v2\/pages\/170"}],"wp:attachment":[{"href":"https:\/\/lmrlawyers.com\/fr\/wp-json\/wp\/v2\/media?parent=3908"}],"curies":[{"name":"wp","href":"https:\/\/api.w.org\/{rel}","templated":true}]}}