{"id":233,"date":"2015-07-19T17:56:41","date_gmt":"2015-07-19T21:56:41","guid":{"rendered":"https:\/\/lmrlawyers.com\/\/legal-services\/technology-practice-group\/?lang=fr"},"modified":"2017-11-02T14:33:44","modified_gmt":"2017-11-02T18:33:44","slug":"technology-practice-group","status":"publish","type":"page","link":"https:\/\/lmrlawyers.com\/fr\/services\/technology-practice-group\/","title":{"rendered":"Droit de la <span>technologie<\/span>"},"content":{"rendered":"<p>Nous sommes pr\u00eats \u00e0 rencontrer les besoins et d\u00e9fis uniques de l\u2019industrie de la technologie. Nous privil\u00e9gions une approche personnalis\u00e9e qui vous mettra \u00e0 l\u2019aise et \u00e0 laquelle vous pouvez faire confiance pour obtenir les r\u00e9sultats que vous d\u00e9sirez.<\/p>\n<p>Low Murchison Radnoff est un cabinet d\u2019avocats bas\u00e9 \u00e0 Ottawa. En plus des services offerts par notre \u00e9quipe de droit des affaires, notre \u00e9quipe de la technologie offre des solutions faites sur mesure pour plusieurs clients dans l\u2019industrie de la technologie, que ce soient des entreprises importantes avec des besoins complexes d\u2018impartition, d\u2019approvisionnement et de ventes ou des r\u00e9alisateurs de logiciels, fournisseurs de technologie, entreprises \u00e9lectroniques et investisseurs.<\/p>\n<p>Nos avocats peuvent aussi fournir des conseils aux clients dans le secteur du commerce \u00e9lectronique, pour assurer la conformit\u00e9 aux lois et aux r\u00e8glements du commerce \u00e9lectronique, pour aider dans le d\u00e9veloppement de politiques et de conditions d\u2019utilisation de sites Web ou de signatures \u00e9lectroniques ou pour r\u00e9pondre aux questions de protection des renseignements personnels et des donn\u00e9es.<\/p>\n<p>Notre groupe b\u00e9n\u00e9ficie du soutien des professionnels de nos autres \u00e9quipes pour pouvoir fournir une gamme importante de services juridiques \u00e0 nos clients dans le domaine de la technologie.<\/p>\n<div class=\"column-block\">\n<p><strong>Il nous fera plaisir de conseiller nos clients \u00e0 propos de tous les aspects du droit des affaires de la technologie, dont\u00a0:<\/strong><\/p>\n<ul>\n<li>L\u2019utilisation et la commercialisation de la technologie<\/li>\n<li>La protection de donn\u00e9es confidentiels et de nature exclusive<\/li>\n<li>Les accords de d\u00e9veloppement et de co-d\u00e9veloppement<\/li>\n<li>La concession de licence et la distribution<\/li>\n<li>Les accords de transfert de technologie<\/li>\n<li>La prestation de services et la passation de march\u00e9 en ligne<\/li>\n<li>Le financement<\/li>\n<\/ul>\n<\/div>\n","protected":false},"excerpt":{"rendered":"<p>Nous sommes pr\u00eats \u00e0 rencontrer les besoins et d\u00e9fis uniques de l\u2019industrie de la technologie. Nous privil\u00e9gions une approche personnalis\u00e9e qui vous mettra \u00e0 l\u2019aise et \u00e0 laquelle vous pouvez &hellip; <\/p>\n<p><a class=\"button\" href=\"https:\/\/lmrlawyers.com\/fr\/services\/technology-practice-group\/\">Continuer la lecture<\/a><\/p>\n","protected":false},"author":12,"featured_media":0,"parent":170,"menu_order":15,"comment_status":"closed","ping_status":"closed","template":"page-service.php","meta":{"_acf_changed":false,"footnotes":""},"class_list":["post-233","page","type-page","status-publish","hentry"],"acf":[],"yoast_head":"<!-- This site is optimized with the Yoast SEO plugin v27.4 - https:\/\/yoast.com\/product\/yoast-seo-wordpress\/ -->\n<title>Droit de la technologie - LMR Lawyers<\/title>\n<meta name=\"robots\" content=\"index, follow, max-snippet:-1, max-image-preview:large, max-video-preview:-1\" \/>\n<link rel=\"canonical\" href=\"https:\/\/lmrlawyers.com\/fr\/services\/technology-practice-group\/\" \/>\n<meta property=\"og:locale\" content=\"fr_FR\" \/>\n<meta property=\"og:type\" content=\"article\" \/>\n<meta property=\"og:title\" content=\"Droit de la technologie - LMR Lawyers\" \/>\n<meta property=\"og:description\" content=\"Nous sommes pr\u00eats \u00e0 rencontrer les besoins et d\u00e9fis uniques de l\u2019industrie de la technologie. Nous privil\u00e9gions une approche personnalis\u00e9e qui vous mettra \u00e0 l\u2019aise et \u00e0 laquelle vous pouvez &hellip; Continuer la lecture\" \/>\n<meta property=\"og:url\" content=\"https:\/\/lmrlawyers.com\/fr\/services\/technology-practice-group\/\" \/>\n<meta property=\"og:site_name\" content=\"LMR Lawyers\" \/>\n<meta property=\"article:publisher\" content=\"https:\/\/www.facebook.com\/LMRLawyers\" \/>\n<meta property=\"article:modified_time\" content=\"2017-11-02T18:33:44+00:00\" \/>\n<meta name=\"twitter:card\" content=\"summary_large_image\" \/>\n<meta name=\"twitter:site\" content=\"@LMRlawyers\" \/>\n<meta name=\"twitter:label1\" content=\"Dur\u00e9e de lecture estim\u00e9e\" \/>\n\t<meta name=\"twitter:data1\" content=\"1 minute\" \/>\n<script type=\"application\/ld+json\" class=\"yoast-schema-graph\">{\"@context\":\"https:\\\/\\\/schema.org\",\"@graph\":[{\"@type\":\"WebPage\",\"@id\":\"https:\\\/\\\/lmrlawyers.com\\\/fr\\\/services\\\/technology-practice-group\\\/\",\"url\":\"https:\\\/\\\/lmrlawyers.com\\\/fr\\\/services\\\/technology-practice-group\\\/\",\"name\":\"Droit de la technologie - LMR Lawyers\",\"isPartOf\":{\"@id\":\"https:\\\/\\\/lmrlawyers.com\\\/fr\\\/#website\"},\"datePublished\":\"2015-07-19T21:56:41+00:00\",\"dateModified\":\"2017-11-02T18:33:44+00:00\",\"breadcrumb\":{\"@id\":\"https:\\\/\\\/lmrlawyers.com\\\/fr\\\/services\\\/technology-practice-group\\\/#breadcrumb\"},\"inLanguage\":\"fr-FR\",\"potentialAction\":[{\"@type\":\"ReadAction\",\"target\":[\"https:\\\/\\\/lmrlawyers.com\\\/fr\\\/services\\\/technology-practice-group\\\/\"]}]},{\"@type\":\"BreadcrumbList\",\"@id\":\"https:\\\/\\\/lmrlawyers.com\\\/fr\\\/services\\\/technology-practice-group\\\/#breadcrumb\",\"itemListElement\":[{\"@type\":\"ListItem\",\"position\":1,\"name\":\"Home\",\"item\":\"https:\\\/\\\/lmrlawyers.com\\\/fr\\\/\"},{\"@type\":\"ListItem\",\"position\":2,\"name\":\"Services Juridiques\",\"item\":\"https:\\\/\\\/lmrlawyers.com\\\/fr\\\/services\\\/\"},{\"@type\":\"ListItem\",\"position\":3,\"name\":\"Droit de la technologie\"}]},{\"@type\":\"WebSite\",\"@id\":\"https:\\\/\\\/lmrlawyers.com\\\/fr\\\/#website\",\"url\":\"https:\\\/\\\/lmrlawyers.com\\\/fr\\\/\",\"name\":\"LMR Lawyers\",\"description\":\"\",\"publisher\":{\"@id\":\"https:\\\/\\\/lmrlawyers.com\\\/fr\\\/#organization\"},\"potentialAction\":[{\"@type\":\"SearchAction\",\"target\":{\"@type\":\"EntryPoint\",\"urlTemplate\":\"https:\\\/\\\/lmrlawyers.com\\\/fr\\\/?s={search_term_string}\"},\"query-input\":{\"@type\":\"PropertyValueSpecification\",\"valueRequired\":true,\"valueName\":\"search_term_string\"}}],\"inLanguage\":\"fr-FR\"},{\"@type\":\"Organization\",\"@id\":\"https:\\\/\\\/lmrlawyers.com\\\/fr\\\/#organization\",\"name\":\"Low Murchison Radnoff LLP\",\"url\":\"https:\\\/\\\/lmrlawyers.com\\\/fr\\\/\",\"logo\":{\"@type\":\"ImageObject\",\"inLanguage\":\"fr-FR\",\"@id\":\"https:\\\/\\\/lmrlawyers.com\\\/fr\\\/#\\\/schema\\\/logo\\\/image\\\/\",\"url\":\"https:\\\/\\\/lmrlawyers.com\\\/wp-content\\\/uploads\\\/2015\\\/07\\\/logo.png\",\"contentUrl\":\"https:\\\/\\\/lmrlawyers.com\\\/wp-content\\\/uploads\\\/2015\\\/07\\\/logo.png\",\"width\":276,\"height\":79,\"caption\":\"Low Murchison Radnoff LLP\"},\"image\":{\"@id\":\"https:\\\/\\\/lmrlawyers.com\\\/fr\\\/#\\\/schema\\\/logo\\\/image\\\/\"},\"sameAs\":[\"https:\\\/\\\/www.facebook.com\\\/LMRLawyers\",\"https:\\\/\\\/x.com\\\/LMRlawyers\",\"https:\\\/\\\/www.linkedin.com\\\/company\\\/low-murchison-radnoff-llp\"]}]}<\/script>\n<!-- \/ Yoast SEO plugin. -->","yoast_head_json":{"title":"Droit de la technologie - LMR Lawyers","robots":{"index":"index","follow":"follow","max-snippet":"max-snippet:-1","max-image-preview":"max-image-preview:large","max-video-preview":"max-video-preview:-1"},"canonical":"https:\/\/lmrlawyers.com\/fr\/services\/technology-practice-group\/","og_locale":"fr_FR","og_type":"article","og_title":"Droit de la technologie - LMR Lawyers","og_description":"Nous sommes pr\u00eats \u00e0 rencontrer les besoins et d\u00e9fis uniques de l\u2019industrie de la technologie. Nous privil\u00e9gions une approche personnalis\u00e9e qui vous mettra \u00e0 l\u2019aise et \u00e0 laquelle vous pouvez &hellip; Continuer la lecture","og_url":"https:\/\/lmrlawyers.com\/fr\/services\/technology-practice-group\/","og_site_name":"LMR Lawyers","article_publisher":"https:\/\/www.facebook.com\/LMRLawyers","article_modified_time":"2017-11-02T18:33:44+00:00","twitter_card":"summary_large_image","twitter_site":"@LMRlawyers","twitter_misc":{"Dur\u00e9e de lecture estim\u00e9e":"1 minute"},"schema":{"@context":"https:\/\/schema.org","@graph":[{"@type":"WebPage","@id":"https:\/\/lmrlawyers.com\/fr\/services\/technology-practice-group\/","url":"https:\/\/lmrlawyers.com\/fr\/services\/technology-practice-group\/","name":"Droit de la technologie - LMR Lawyers","isPartOf":{"@id":"https:\/\/lmrlawyers.com\/fr\/#website"},"datePublished":"2015-07-19T21:56:41+00:00","dateModified":"2017-11-02T18:33:44+00:00","breadcrumb":{"@id":"https:\/\/lmrlawyers.com\/fr\/services\/technology-practice-group\/#breadcrumb"},"inLanguage":"fr-FR","potentialAction":[{"@type":"ReadAction","target":["https:\/\/lmrlawyers.com\/fr\/services\/technology-practice-group\/"]}]},{"@type":"BreadcrumbList","@id":"https:\/\/lmrlawyers.com\/fr\/services\/technology-practice-group\/#breadcrumb","itemListElement":[{"@type":"ListItem","position":1,"name":"Home","item":"https:\/\/lmrlawyers.com\/fr\/"},{"@type":"ListItem","position":2,"name":"Services Juridiques","item":"https:\/\/lmrlawyers.com\/fr\/services\/"},{"@type":"ListItem","position":3,"name":"Droit de la technologie"}]},{"@type":"WebSite","@id":"https:\/\/lmrlawyers.com\/fr\/#website","url":"https:\/\/lmrlawyers.com\/fr\/","name":"LMR Lawyers","description":"","publisher":{"@id":"https:\/\/lmrlawyers.com\/fr\/#organization"},"potentialAction":[{"@type":"SearchAction","target":{"@type":"EntryPoint","urlTemplate":"https:\/\/lmrlawyers.com\/fr\/?s={search_term_string}"},"query-input":{"@type":"PropertyValueSpecification","valueRequired":true,"valueName":"search_term_string"}}],"inLanguage":"fr-FR"},{"@type":"Organization","@id":"https:\/\/lmrlawyers.com\/fr\/#organization","name":"Low Murchison Radnoff LLP","url":"https:\/\/lmrlawyers.com\/fr\/","logo":{"@type":"ImageObject","inLanguage":"fr-FR","@id":"https:\/\/lmrlawyers.com\/fr\/#\/schema\/logo\/image\/","url":"https:\/\/lmrlawyers.com\/wp-content\/uploads\/2015\/07\/logo.png","contentUrl":"https:\/\/lmrlawyers.com\/wp-content\/uploads\/2015\/07\/logo.png","width":276,"height":79,"caption":"Low Murchison Radnoff LLP"},"image":{"@id":"https:\/\/lmrlawyers.com\/fr\/#\/schema\/logo\/image\/"},"sameAs":["https:\/\/www.facebook.com\/LMRLawyers","https:\/\/x.com\/LMRlawyers","https:\/\/www.linkedin.com\/company\/low-murchison-radnoff-llp"]}]}},"_links":{"self":[{"href":"https:\/\/lmrlawyers.com\/fr\/wp-json\/wp\/v2\/pages\/233","targetHints":{"allow":["GET"]}}],"collection":[{"href":"https:\/\/lmrlawyers.com\/fr\/wp-json\/wp\/v2\/pages"}],"about":[{"href":"https:\/\/lmrlawyers.com\/fr\/wp-json\/wp\/v2\/types\/page"}],"author":[{"embeddable":true,"href":"https:\/\/lmrlawyers.com\/fr\/wp-json\/wp\/v2\/users\/12"}],"replies":[{"embeddable":true,"href":"https:\/\/lmrlawyers.com\/fr\/wp-json\/wp\/v2\/comments?post=233"}],"version-history":[{"count":5,"href":"https:\/\/lmrlawyers.com\/fr\/wp-json\/wp\/v2\/pages\/233\/revisions"}],"predecessor-version":[{"id":3101,"href":"https:\/\/lmrlawyers.com\/fr\/wp-json\/wp\/v2\/pages\/233\/revisions\/3101"}],"up":[{"embeddable":true,"href":"https:\/\/lmrlawyers.com\/fr\/wp-json\/wp\/v2\/pages\/170"}],"wp:attachment":[{"href":"https:\/\/lmrlawyers.com\/fr\/wp-json\/wp\/v2\/media?parent=233"}],"curies":[{"name":"wp","href":"https:\/\/api.w.org\/{rel}","templated":true}]}}