{"id":228,"date":"2015-07-19T17:56:41","date_gmt":"2015-07-19T21:56:41","guid":{"rendered":"https:\/\/lmrlawyers.com\/\/legal-services\/real-estate-practice-group\/?lang=fr"},"modified":"2017-11-02T14:32:36","modified_gmt":"2017-11-02T18:32:36","slug":"droit-immobilier","status":"publish","type":"page","link":"https:\/\/lmrlawyers.com\/fr\/services\/droit-immobilier\/","title":{"rendered":"Droit <span>immobilier<\/span>"},"content":{"rendered":"<p>Notre approche personnalis\u00e9e vous mettra \u00e0 l\u2019aise et notre vaste connaissance du domaine de droit immobilier ainsi que nos employ\u00e9s professionnels sauront vous inspirer confiance. C\u2019est cette approche qui diff\u00e9rencie Low Murchison Radnoff de la comp\u00e9tition et c\u2019est pourquoi nos clients peuvent \u00eatre certains que nous trouverons des solutions qui leur conviennent.<\/p>\n<p>Low Murchison Radnoff est un cabinet d\u2019avocats bas\u00e9 \u00e0 Ottawa, au Canada.<\/p>\n<p>Notre \u00e9quipe de droit immobilier fournit la gamme compl\u00e8te de services immobiliers, qu\u2019il soit question de propri\u00e9t\u00e9s r\u00e9sidentielles ou commerciales. Il nous fera plaisir de fournir des conseils concernant le financement de projets et d\u2019institutions ainsi que concernant les projets d\u2019am\u00e9nagement de terrains (par exemple, les subdivisions et le d\u00e9veloppement de copropri\u00e9t\u00e9s, dont les condominiums). Nous offrons une gamme compl\u00e8te de services et nous repr\u00e9sentons les d\u00e9veloppeurs, les locataires, les institutions de pr\u00eat, les investisseurs et les particuliers. Nous fournissons aussi nos services \u00e0 plusieurs soci\u00e9t\u00e9s de condominiums ainsi qu\u2019\u00e0 des propri\u00e9taires, g\u00e9rants et d\u00e9veloppeurs de condominium en ce qui concerne les aspects pratiques et juridiques de la vie en condominium, dont l\u2019enregistrement de privil\u00e8ge.<\/p>\n<p>&nbsp;<\/p>\n<div class=\"column-block\">\n<p><strong>Notre \u00e9quipe peut fournir des solutions dans les domaines suivants\u00a0:<\/strong><\/p>\n<ul>\n<li>Le transfert r\u00e9sidentiel, dont l\u2019achat, la vente et le financement<\/li>\n<li>Le transfert commercial<\/li>\n<li>Le transfert g\u00e9n\u00e9ral<\/li>\n<li>Les hypoth\u00e8ques<\/li>\n<li>Les baux<\/li>\n<li>Le d\u00e9veloppement et la gestion de condominiums<\/li>\n<li>Les saisies de biens hypoth\u00e9qu\u00e9s<\/li>\n<li>La vente et l\u2019achat pour fins d\u2019investissement<\/li>\n<li>Les projets conjoints<\/li>\n<li>Les accords de pr\u00eat<\/li>\n<li>L\u2019am\u00e9nagement des immeubles<\/li>\n<li>La gestion immobili\u00e8re<\/li>\n<li>La location \u00e0 usage d\u2019habitation<\/li>\n<li>Les pr\u00eats garantis<\/li>\n<li>Les applications de d\u00e9rogation et les d\u00e9tachements de parcelles<\/li>\n<li>Les questions municipales et les questions de zonage<\/li>\n<\/ul>\n<\/div>\n","protected":false},"excerpt":{"rendered":"<p>Notre approche personnalis\u00e9e vous mettra \u00e0 l\u2019aise et notre vaste connaissance du domaine de droit immobilier ainsi que nos employ\u00e9s professionnels sauront vous inspirer confiance. C\u2019est cette approche qui diff\u00e9rencie &hellip; <\/p>\n<p><a class=\"button\" href=\"https:\/\/lmrlawyers.com\/fr\/services\/droit-immobilier\/\">Continuer la lecture<\/a><\/p>\n","protected":false},"author":12,"featured_media":0,"parent":170,"menu_order":13,"comment_status":"closed","ping_status":"closed","template":"page-service.php","meta":{"_acf_changed":false,"footnotes":""},"class_list":["post-228","page","type-page","status-publish","hentry"],"acf":[],"yoast_head":"<!-- This site is optimized with the Yoast SEO plugin v27.3 - https:\/\/yoast.com\/product\/yoast-seo-wordpress\/ -->\n<title>Droit immobilier - LMR Lawyers<\/title>\n<meta name=\"robots\" content=\"index, follow, max-snippet:-1, max-image-preview:large, max-video-preview:-1\" \/>\n<link rel=\"canonical\" href=\"https:\/\/lmrlawyers.com\/fr\/services\/droit-immobilier\/\" \/>\n<meta property=\"og:locale\" content=\"fr_FR\" \/>\n<meta property=\"og:type\" content=\"article\" \/>\n<meta property=\"og:title\" content=\"Droit immobilier - LMR Lawyers\" \/>\n<meta property=\"og:description\" content=\"Notre approche personnalis\u00e9e vous mettra \u00e0 l\u2019aise et notre vaste connaissance du domaine de droit immobilier ainsi que nos employ\u00e9s professionnels sauront vous inspirer confiance. C\u2019est cette approche qui diff\u00e9rencie &hellip; Continuer la lecture\" \/>\n<meta property=\"og:url\" content=\"https:\/\/lmrlawyers.com\/fr\/services\/droit-immobilier\/\" \/>\n<meta property=\"og:site_name\" content=\"LMR Lawyers\" \/>\n<meta property=\"article:publisher\" content=\"https:\/\/www.facebook.com\/LMRLawyers\" \/>\n<meta property=\"article:modified_time\" content=\"2017-11-02T18:32:36+00:00\" \/>\n<meta name=\"twitter:card\" content=\"summary_large_image\" \/>\n<meta name=\"twitter:site\" content=\"@LMRlawyers\" \/>\n<meta name=\"twitter:label1\" content=\"Dur\u00e9e de lecture estim\u00e9e\" \/>\n\t<meta name=\"twitter:data1\" content=\"2 minutes\" \/>\n<script type=\"application\/ld+json\" class=\"yoast-schema-graph\">{\"@context\":\"https:\\\/\\\/schema.org\",\"@graph\":[{\"@type\":\"WebPage\",\"@id\":\"https:\\\/\\\/lmrlawyers.com\\\/fr\\\/services\\\/droit-immobilier\\\/\",\"url\":\"https:\\\/\\\/lmrlawyers.com\\\/fr\\\/services\\\/droit-immobilier\\\/\",\"name\":\"Droit immobilier - LMR Lawyers\",\"isPartOf\":{\"@id\":\"https:\\\/\\\/lmrlawyers.com\\\/fr\\\/#website\"},\"datePublished\":\"2015-07-19T21:56:41+00:00\",\"dateModified\":\"2017-11-02T18:32:36+00:00\",\"breadcrumb\":{\"@id\":\"https:\\\/\\\/lmrlawyers.com\\\/fr\\\/services\\\/droit-immobilier\\\/#breadcrumb\"},\"inLanguage\":\"fr-FR\",\"potentialAction\":[{\"@type\":\"ReadAction\",\"target\":[\"https:\\\/\\\/lmrlawyers.com\\\/fr\\\/services\\\/droit-immobilier\\\/\"]}]},{\"@type\":\"BreadcrumbList\",\"@id\":\"https:\\\/\\\/lmrlawyers.com\\\/fr\\\/services\\\/droit-immobilier\\\/#breadcrumb\",\"itemListElement\":[{\"@type\":\"ListItem\",\"position\":1,\"name\":\"Home\",\"item\":\"https:\\\/\\\/lmrlawyers.com\\\/fr\\\/\"},{\"@type\":\"ListItem\",\"position\":2,\"name\":\"Services Juridiques\",\"item\":\"https:\\\/\\\/lmrlawyers.com\\\/fr\\\/services\\\/\"},{\"@type\":\"ListItem\",\"position\":3,\"name\":\"Droit immobilier\"}]},{\"@type\":\"WebSite\",\"@id\":\"https:\\\/\\\/lmrlawyers.com\\\/fr\\\/#website\",\"url\":\"https:\\\/\\\/lmrlawyers.com\\\/fr\\\/\",\"name\":\"LMR Lawyers\",\"description\":\"\",\"publisher\":{\"@id\":\"https:\\\/\\\/lmrlawyers.com\\\/fr\\\/#organization\"},\"potentialAction\":[{\"@type\":\"SearchAction\",\"target\":{\"@type\":\"EntryPoint\",\"urlTemplate\":\"https:\\\/\\\/lmrlawyers.com\\\/fr\\\/?s={search_term_string}\"},\"query-input\":{\"@type\":\"PropertyValueSpecification\",\"valueRequired\":true,\"valueName\":\"search_term_string\"}}],\"inLanguage\":\"fr-FR\"},{\"@type\":\"Organization\",\"@id\":\"https:\\\/\\\/lmrlawyers.com\\\/fr\\\/#organization\",\"name\":\"Low Murchison Radnoff LLP\",\"url\":\"https:\\\/\\\/lmrlawyers.com\\\/fr\\\/\",\"logo\":{\"@type\":\"ImageObject\",\"inLanguage\":\"fr-FR\",\"@id\":\"https:\\\/\\\/lmrlawyers.com\\\/fr\\\/#\\\/schema\\\/logo\\\/image\\\/\",\"url\":\"https:\\\/\\\/lmrlawyers.com\\\/wp-content\\\/uploads\\\/2015\\\/07\\\/logo.png\",\"contentUrl\":\"https:\\\/\\\/lmrlawyers.com\\\/wp-content\\\/uploads\\\/2015\\\/07\\\/logo.png\",\"width\":276,\"height\":79,\"caption\":\"Low Murchison Radnoff LLP\"},\"image\":{\"@id\":\"https:\\\/\\\/lmrlawyers.com\\\/fr\\\/#\\\/schema\\\/logo\\\/image\\\/\"},\"sameAs\":[\"https:\\\/\\\/www.facebook.com\\\/LMRLawyers\",\"https:\\\/\\\/x.com\\\/LMRlawyers\",\"https:\\\/\\\/www.linkedin.com\\\/company\\\/low-murchison-radnoff-llp\"]}]}<\/script>\n<!-- \/ Yoast SEO plugin. -->","yoast_head_json":{"title":"Droit immobilier - LMR Lawyers","robots":{"index":"index","follow":"follow","max-snippet":"max-snippet:-1","max-image-preview":"max-image-preview:large","max-video-preview":"max-video-preview:-1"},"canonical":"https:\/\/lmrlawyers.com\/fr\/services\/droit-immobilier\/","og_locale":"fr_FR","og_type":"article","og_title":"Droit immobilier - LMR Lawyers","og_description":"Notre approche personnalis\u00e9e vous mettra \u00e0 l\u2019aise et notre vaste connaissance du domaine de droit immobilier ainsi que nos employ\u00e9s professionnels sauront vous inspirer confiance. C\u2019est cette approche qui diff\u00e9rencie &hellip; Continuer la lecture","og_url":"https:\/\/lmrlawyers.com\/fr\/services\/droit-immobilier\/","og_site_name":"LMR Lawyers","article_publisher":"https:\/\/www.facebook.com\/LMRLawyers","article_modified_time":"2017-11-02T18:32:36+00:00","twitter_card":"summary_large_image","twitter_site":"@LMRlawyers","twitter_misc":{"Dur\u00e9e de lecture estim\u00e9e":"2 minutes"},"schema":{"@context":"https:\/\/schema.org","@graph":[{"@type":"WebPage","@id":"https:\/\/lmrlawyers.com\/fr\/services\/droit-immobilier\/","url":"https:\/\/lmrlawyers.com\/fr\/services\/droit-immobilier\/","name":"Droit immobilier - LMR Lawyers","isPartOf":{"@id":"https:\/\/lmrlawyers.com\/fr\/#website"},"datePublished":"2015-07-19T21:56:41+00:00","dateModified":"2017-11-02T18:32:36+00:00","breadcrumb":{"@id":"https:\/\/lmrlawyers.com\/fr\/services\/droit-immobilier\/#breadcrumb"},"inLanguage":"fr-FR","potentialAction":[{"@type":"ReadAction","target":["https:\/\/lmrlawyers.com\/fr\/services\/droit-immobilier\/"]}]},{"@type":"BreadcrumbList","@id":"https:\/\/lmrlawyers.com\/fr\/services\/droit-immobilier\/#breadcrumb","itemListElement":[{"@type":"ListItem","position":1,"name":"Home","item":"https:\/\/lmrlawyers.com\/fr\/"},{"@type":"ListItem","position":2,"name":"Services Juridiques","item":"https:\/\/lmrlawyers.com\/fr\/services\/"},{"@type":"ListItem","position":3,"name":"Droit immobilier"}]},{"@type":"WebSite","@id":"https:\/\/lmrlawyers.com\/fr\/#website","url":"https:\/\/lmrlawyers.com\/fr\/","name":"LMR Lawyers","description":"","publisher":{"@id":"https:\/\/lmrlawyers.com\/fr\/#organization"},"potentialAction":[{"@type":"SearchAction","target":{"@type":"EntryPoint","urlTemplate":"https:\/\/lmrlawyers.com\/fr\/?s={search_term_string}"},"query-input":{"@type":"PropertyValueSpecification","valueRequired":true,"valueName":"search_term_string"}}],"inLanguage":"fr-FR"},{"@type":"Organization","@id":"https:\/\/lmrlawyers.com\/fr\/#organization","name":"Low Murchison Radnoff LLP","url":"https:\/\/lmrlawyers.com\/fr\/","logo":{"@type":"ImageObject","inLanguage":"fr-FR","@id":"https:\/\/lmrlawyers.com\/fr\/#\/schema\/logo\/image\/","url":"https:\/\/lmrlawyers.com\/wp-content\/uploads\/2015\/07\/logo.png","contentUrl":"https:\/\/lmrlawyers.com\/wp-content\/uploads\/2015\/07\/logo.png","width":276,"height":79,"caption":"Low Murchison Radnoff LLP"},"image":{"@id":"https:\/\/lmrlawyers.com\/fr\/#\/schema\/logo\/image\/"},"sameAs":["https:\/\/www.facebook.com\/LMRLawyers","https:\/\/x.com\/LMRlawyers","https:\/\/www.linkedin.com\/company\/low-murchison-radnoff-llp"]}]}},"_links":{"self":[{"href":"https:\/\/lmrlawyers.com\/fr\/wp-json\/wp\/v2\/pages\/228","targetHints":{"allow":["GET"]}}],"collection":[{"href":"https:\/\/lmrlawyers.com\/fr\/wp-json\/wp\/v2\/pages"}],"about":[{"href":"https:\/\/lmrlawyers.com\/fr\/wp-json\/wp\/v2\/types\/page"}],"author":[{"embeddable":true,"href":"https:\/\/lmrlawyers.com\/fr\/wp-json\/wp\/v2\/users\/12"}],"replies":[{"embeddable":true,"href":"https:\/\/lmrlawyers.com\/fr\/wp-json\/wp\/v2\/comments?post=228"}],"version-history":[{"count":5,"href":"https:\/\/lmrlawyers.com\/fr\/wp-json\/wp\/v2\/pages\/228\/revisions"}],"predecessor-version":[{"id":3099,"href":"https:\/\/lmrlawyers.com\/fr\/wp-json\/wp\/v2\/pages\/228\/revisions\/3099"}],"up":[{"embeddable":true,"href":"https:\/\/lmrlawyers.com\/fr\/wp-json\/wp\/v2\/pages\/170"}],"wp:attachment":[{"href":"https:\/\/lmrlawyers.com\/fr\/wp-json\/wp\/v2\/media?parent=228"}],"curies":[{"name":"wp","href":"https:\/\/api.w.org\/{rel}","templated":true}]}}