{"id":222,"date":"2015-07-19T17:56:41","date_gmt":"2015-07-19T21:56:41","guid":{"rendered":"https:\/\/lmrlawyers.com\/\/legal-services\/personal-injury-practice-group\/?lang=fr"},"modified":"2018-04-17T14:28:43","modified_gmt":"2018-04-17T18:28:43","slug":"droit-du-dommage-corporel","status":"publish","type":"page","link":"https:\/\/lmrlawyers.com\/fr\/services\/droit-du-dommage-corporel\/","title":{"rendered":"<span>Blessures<\/span> corporelles"},"content":{"rendered":"<p>Notre approche est bas\u00e9e sur notre conviction que toute victime de dommage corporel a droit \u00e0 une juste indemnit\u00e9, qu\u2019il soit question d\u2019un accident d\u2019automobile, d\u2019une chute accidentelle, d\u2019une blessure s\u00e9rieuse ou d\u2019une r\u00e9clamation d\u2019invalidit\u00e9. Ce n\u2019est pas seulement le fait que ces victimes perdent des journ\u00e9es de travail, c\u2019est qu\u2019ils perdent des journ\u00e9es de leur <em>vie<\/em>. Quand la n\u00e9gligence de quelqu\u2019un d\u2019autre a un impact n\u00e9gatif sur vous et vos proches, nos avocats sp\u00e9cialis\u00e9s en droit du dommage corporel, bas\u00e9s \u00e0 Ottawa, s\u2019assureront que vous recevrez une juste indemnit\u00e9 en temps opportun.<\/p>\n<p>Les avocats du cabinet Low Murchison Radnoff ont, ensemble, au-del\u00e0 de 70 ann\u00e9es d\u2019exp\u00e9rience en droit du dommage corporel, une exp\u00e9rience marqu\u00e9e en plaidoirie et ils obtiennent syst\u00e9matiquement des r\u00e9sultats favorables. De plus, ils peuvent repr\u00e9senter les clients en Fran\u00e7ais et en Anglais.<\/p>\n<p>Nous sommes fiers de fournir des conseils pratiques \u00e0 nos clients et d\u2019\u00eatre francs avec eux. Nos avocats demeurent objectifs et d\u00e9termin\u00e9s \u00e0 travers le processus de litige pour s\u2019assurer que vous et vos proches re\u00e7oivent une juste indemnit\u00e9 pour vos pertes. Nos strat\u00e9gies sont toujours pragmatiques et nous maintenons une approche agressive envers les compagnies d\u2019assurances pour nous assurer que tout le monde soit sur un pied d\u2019\u00e9galit\u00e9. Nous n\u2019h\u00e9siterons pas d\u2019aller en cour si cela s\u2019av\u00e8re n\u00e9cessaire.<\/p>\n<div class=\"column-block\">\n<p><strong>Nous pouvons vous aider avec tout genre de r\u00e9clamation de dommage corporel, dont\u00a0:<\/strong><\/p>\n<ul>\n<li>Les accidents de la route<\/li>\n<li>Les r\u00e9clamations pour blessures<\/li>\n<li>Demandes d\u2019indemnit\u00e9s pour accidents de la route<\/li>\n<li>Les chutes accidentelles<\/li>\n<li>L\u2019assurance-vie et l\u2019invalidit\u00e9 de longue dur\u00e9e<\/li>\n<li>L\u2019homicide d\u00e9lictuel<\/li>\n<li>Les d\u00e9fauts de produits<\/li>\n<\/ul>\n<\/div>\n","protected":false},"excerpt":{"rendered":"<p>Notre approche est bas\u00e9e sur notre conviction que toute victime de dommage corporel a droit \u00e0 une juste indemnit\u00e9, qu\u2019il soit question d\u2019un accident d\u2019automobile, d\u2019une chute accidentelle, d\u2019une blessure &hellip; <\/p>\n<p><a class=\"button\" href=\"https:\/\/lmrlawyers.com\/fr\/services\/droit-du-dommage-corporel\/\">Continuer la lecture<\/a><\/p>\n","protected":false},"author":12,"featured_media":0,"parent":170,"menu_order":14,"comment_status":"closed","ping_status":"closed","template":"page-service.php","meta":{"_acf_changed":false,"footnotes":""},"class_list":["post-222","page","type-page","status-publish","hentry"],"acf":[],"yoast_head":"<!-- This site is optimized with the Yoast SEO plugin v27.3 - https:\/\/yoast.com\/product\/yoast-seo-wordpress\/ -->\n<title>Advocat blessure corporelle | LMR Lawyers<\/title>\n<meta name=\"description\" content=\"Quand la n\u00e9gligence de quelqu\u2019un d\u2019autre a un impact n\u00e9gatif sur vous et vos proches, nos avocats sp\u00e9cialis\u00e9s en droit du dommage corporel, bas\u00e9s \u00e0 Ottawa, s\u2019assureront que vous recevrez une juste indemnit\u00e9 en temps opportun.\" \/>\n<meta name=\"robots\" content=\"index, follow, max-snippet:-1, max-image-preview:large, max-video-preview:-1\" \/>\n<link rel=\"canonical\" href=\"https:\/\/lmrlawyers.com\/fr\/services\/droit-du-dommage-corporel\/\" \/>\n<meta property=\"og:locale\" content=\"fr_FR\" \/>\n<meta property=\"og:type\" content=\"article\" \/>\n<meta property=\"og:title\" content=\"Advocat blessure corporelle | LMR Lawyers\" \/>\n<meta property=\"og:description\" content=\"Quand la n\u00e9gligence de quelqu\u2019un d\u2019autre a un impact n\u00e9gatif sur vous et vos proches, nos avocats sp\u00e9cialis\u00e9s en droit du dommage corporel, bas\u00e9s \u00e0 Ottawa, s\u2019assureront que vous recevrez une juste indemnit\u00e9 en temps opportun.\" \/>\n<meta property=\"og:url\" content=\"https:\/\/lmrlawyers.com\/fr\/services\/droit-du-dommage-corporel\/\" \/>\n<meta property=\"og:site_name\" content=\"LMR Lawyers\" \/>\n<meta property=\"article:publisher\" content=\"https:\/\/www.facebook.com\/LMRLawyers\" \/>\n<meta property=\"article:modified_time\" content=\"2018-04-17T18:28:43+00:00\" \/>\n<meta name=\"twitter:card\" content=\"summary_large_image\" \/>\n<meta name=\"twitter:site\" content=\"@LMRlawyers\" \/>\n<meta name=\"twitter:label1\" content=\"Dur\u00e9e de lecture estim\u00e9e\" \/>\n\t<meta name=\"twitter:data1\" content=\"2 minutes\" \/>\n<script type=\"application\/ld+json\" class=\"yoast-schema-graph\">{\"@context\":\"https:\\\/\\\/schema.org\",\"@graph\":[{\"@type\":\"WebPage\",\"@id\":\"https:\\\/\\\/lmrlawyers.com\\\/fr\\\/services\\\/droit-du-dommage-corporel\\\/\",\"url\":\"https:\\\/\\\/lmrlawyers.com\\\/fr\\\/services\\\/droit-du-dommage-corporel\\\/\",\"name\":\"Advocat blessure corporelle | LMR Lawyers\",\"isPartOf\":{\"@id\":\"https:\\\/\\\/lmrlawyers.com\\\/fr\\\/#website\"},\"datePublished\":\"2015-07-19T21:56:41+00:00\",\"dateModified\":\"2018-04-17T18:28:43+00:00\",\"description\":\"Quand la n\u00e9gligence de quelqu\u2019un d\u2019autre a un impact n\u00e9gatif sur vous et vos proches, nos avocats sp\u00e9cialis\u00e9s en droit du dommage corporel, bas\u00e9s \u00e0 Ottawa, s\u2019assureront que vous recevrez une juste indemnit\u00e9 en temps opportun.\",\"breadcrumb\":{\"@id\":\"https:\\\/\\\/lmrlawyers.com\\\/fr\\\/services\\\/droit-du-dommage-corporel\\\/#breadcrumb\"},\"inLanguage\":\"fr-FR\",\"potentialAction\":[{\"@type\":\"ReadAction\",\"target\":[\"https:\\\/\\\/lmrlawyers.com\\\/fr\\\/services\\\/droit-du-dommage-corporel\\\/\"]}]},{\"@type\":\"BreadcrumbList\",\"@id\":\"https:\\\/\\\/lmrlawyers.com\\\/fr\\\/services\\\/droit-du-dommage-corporel\\\/#breadcrumb\",\"itemListElement\":[{\"@type\":\"ListItem\",\"position\":1,\"name\":\"Home\",\"item\":\"https:\\\/\\\/lmrlawyers.com\\\/fr\\\/\"},{\"@type\":\"ListItem\",\"position\":2,\"name\":\"Services Juridiques\",\"item\":\"https:\\\/\\\/lmrlawyers.com\\\/fr\\\/services\\\/\"},{\"@type\":\"ListItem\",\"position\":3,\"name\":\"Blessures corporelles\"}]},{\"@type\":\"WebSite\",\"@id\":\"https:\\\/\\\/lmrlawyers.com\\\/fr\\\/#website\",\"url\":\"https:\\\/\\\/lmrlawyers.com\\\/fr\\\/\",\"name\":\"LMR Lawyers\",\"description\":\"\",\"publisher\":{\"@id\":\"https:\\\/\\\/lmrlawyers.com\\\/fr\\\/#organization\"},\"potentialAction\":[{\"@type\":\"SearchAction\",\"target\":{\"@type\":\"EntryPoint\",\"urlTemplate\":\"https:\\\/\\\/lmrlawyers.com\\\/fr\\\/?s={search_term_string}\"},\"query-input\":{\"@type\":\"PropertyValueSpecification\",\"valueRequired\":true,\"valueName\":\"search_term_string\"}}],\"inLanguage\":\"fr-FR\"},{\"@type\":\"Organization\",\"@id\":\"https:\\\/\\\/lmrlawyers.com\\\/fr\\\/#organization\",\"name\":\"Low Murchison Radnoff LLP\",\"url\":\"https:\\\/\\\/lmrlawyers.com\\\/fr\\\/\",\"logo\":{\"@type\":\"ImageObject\",\"inLanguage\":\"fr-FR\",\"@id\":\"https:\\\/\\\/lmrlawyers.com\\\/fr\\\/#\\\/schema\\\/logo\\\/image\\\/\",\"url\":\"https:\\\/\\\/lmrlawyers.com\\\/wp-content\\\/uploads\\\/2015\\\/07\\\/logo.png\",\"contentUrl\":\"https:\\\/\\\/lmrlawyers.com\\\/wp-content\\\/uploads\\\/2015\\\/07\\\/logo.png\",\"width\":276,\"height\":79,\"caption\":\"Low Murchison Radnoff LLP\"},\"image\":{\"@id\":\"https:\\\/\\\/lmrlawyers.com\\\/fr\\\/#\\\/schema\\\/logo\\\/image\\\/\"},\"sameAs\":[\"https:\\\/\\\/www.facebook.com\\\/LMRLawyers\",\"https:\\\/\\\/x.com\\\/LMRlawyers\",\"https:\\\/\\\/www.linkedin.com\\\/company\\\/low-murchison-radnoff-llp\"]}]}<\/script>\n<!-- \/ Yoast SEO plugin. -->","yoast_head_json":{"title":"Advocat blessure corporelle | LMR Lawyers","description":"Quand la n\u00e9gligence de quelqu\u2019un d\u2019autre a un impact n\u00e9gatif sur vous et vos proches, nos avocats sp\u00e9cialis\u00e9s en droit du dommage corporel, bas\u00e9s \u00e0 Ottawa, s\u2019assureront que vous recevrez une juste indemnit\u00e9 en temps opportun.","robots":{"index":"index","follow":"follow","max-snippet":"max-snippet:-1","max-image-preview":"max-image-preview:large","max-video-preview":"max-video-preview:-1"},"canonical":"https:\/\/lmrlawyers.com\/fr\/services\/droit-du-dommage-corporel\/","og_locale":"fr_FR","og_type":"article","og_title":"Advocat blessure corporelle | LMR Lawyers","og_description":"Quand la n\u00e9gligence de quelqu\u2019un d\u2019autre a un impact n\u00e9gatif sur vous et vos proches, nos avocats sp\u00e9cialis\u00e9s en droit du dommage corporel, bas\u00e9s \u00e0 Ottawa, s\u2019assureront que vous recevrez une juste indemnit\u00e9 en temps opportun.","og_url":"https:\/\/lmrlawyers.com\/fr\/services\/droit-du-dommage-corporel\/","og_site_name":"LMR Lawyers","article_publisher":"https:\/\/www.facebook.com\/LMRLawyers","article_modified_time":"2018-04-17T18:28:43+00:00","twitter_card":"summary_large_image","twitter_site":"@LMRlawyers","twitter_misc":{"Dur\u00e9e de lecture estim\u00e9e":"2 minutes"},"schema":{"@context":"https:\/\/schema.org","@graph":[{"@type":"WebPage","@id":"https:\/\/lmrlawyers.com\/fr\/services\/droit-du-dommage-corporel\/","url":"https:\/\/lmrlawyers.com\/fr\/services\/droit-du-dommage-corporel\/","name":"Advocat blessure corporelle | LMR Lawyers","isPartOf":{"@id":"https:\/\/lmrlawyers.com\/fr\/#website"},"datePublished":"2015-07-19T21:56:41+00:00","dateModified":"2018-04-17T18:28:43+00:00","description":"Quand la n\u00e9gligence de quelqu\u2019un d\u2019autre a un impact n\u00e9gatif sur vous et vos proches, nos avocats sp\u00e9cialis\u00e9s en droit du dommage corporel, bas\u00e9s \u00e0 Ottawa, s\u2019assureront que vous recevrez une juste indemnit\u00e9 en temps opportun.","breadcrumb":{"@id":"https:\/\/lmrlawyers.com\/fr\/services\/droit-du-dommage-corporel\/#breadcrumb"},"inLanguage":"fr-FR","potentialAction":[{"@type":"ReadAction","target":["https:\/\/lmrlawyers.com\/fr\/services\/droit-du-dommage-corporel\/"]}]},{"@type":"BreadcrumbList","@id":"https:\/\/lmrlawyers.com\/fr\/services\/droit-du-dommage-corporel\/#breadcrumb","itemListElement":[{"@type":"ListItem","position":1,"name":"Home","item":"https:\/\/lmrlawyers.com\/fr\/"},{"@type":"ListItem","position":2,"name":"Services Juridiques","item":"https:\/\/lmrlawyers.com\/fr\/services\/"},{"@type":"ListItem","position":3,"name":"Blessures corporelles"}]},{"@type":"WebSite","@id":"https:\/\/lmrlawyers.com\/fr\/#website","url":"https:\/\/lmrlawyers.com\/fr\/","name":"LMR Lawyers","description":"","publisher":{"@id":"https:\/\/lmrlawyers.com\/fr\/#organization"},"potentialAction":[{"@type":"SearchAction","target":{"@type":"EntryPoint","urlTemplate":"https:\/\/lmrlawyers.com\/fr\/?s={search_term_string}"},"query-input":{"@type":"PropertyValueSpecification","valueRequired":true,"valueName":"search_term_string"}}],"inLanguage":"fr-FR"},{"@type":"Organization","@id":"https:\/\/lmrlawyers.com\/fr\/#organization","name":"Low Murchison Radnoff LLP","url":"https:\/\/lmrlawyers.com\/fr\/","logo":{"@type":"ImageObject","inLanguage":"fr-FR","@id":"https:\/\/lmrlawyers.com\/fr\/#\/schema\/logo\/image\/","url":"https:\/\/lmrlawyers.com\/wp-content\/uploads\/2015\/07\/logo.png","contentUrl":"https:\/\/lmrlawyers.com\/wp-content\/uploads\/2015\/07\/logo.png","width":276,"height":79,"caption":"Low Murchison Radnoff LLP"},"image":{"@id":"https:\/\/lmrlawyers.com\/fr\/#\/schema\/logo\/image\/"},"sameAs":["https:\/\/www.facebook.com\/LMRLawyers","https:\/\/x.com\/LMRlawyers","https:\/\/www.linkedin.com\/company\/low-murchison-radnoff-llp"]}]}},"_links":{"self":[{"href":"https:\/\/lmrlawyers.com\/fr\/wp-json\/wp\/v2\/pages\/222","targetHints":{"allow":["GET"]}}],"collection":[{"href":"https:\/\/lmrlawyers.com\/fr\/wp-json\/wp\/v2\/pages"}],"about":[{"href":"https:\/\/lmrlawyers.com\/fr\/wp-json\/wp\/v2\/types\/page"}],"author":[{"embeddable":true,"href":"https:\/\/lmrlawyers.com\/fr\/wp-json\/wp\/v2\/users\/12"}],"replies":[{"embeddable":true,"href":"https:\/\/lmrlawyers.com\/fr\/wp-json\/wp\/v2\/comments?post=222"}],"version-history":[{"count":5,"href":"https:\/\/lmrlawyers.com\/fr\/wp-json\/wp\/v2\/pages\/222\/revisions"}],"predecessor-version":[{"id":3284,"href":"https:\/\/lmrlawyers.com\/fr\/wp-json\/wp\/v2\/pages\/222\/revisions\/3284"}],"up":[{"embeddable":true,"href":"https:\/\/lmrlawyers.com\/fr\/wp-json\/wp\/v2\/pages\/170"}],"wp:attachment":[{"href":"https:\/\/lmrlawyers.com\/fr\/wp-json\/wp\/v2\/media?parent=222"}],"curies":[{"name":"wp","href":"https:\/\/api.w.org\/{rel}","templated":true}]}}