{"id":213,"date":"2015-07-19T17:56:41","date_gmt":"2015-07-19T21:56:41","guid":{"rendered":"https:\/\/lmrlawyers.com\/\/legal-services\/institutional-law-practice-group\/?lang=fr"},"modified":"2017-11-14T10:41:48","modified_gmt":"2017-11-14T15:41:48","slug":"institutional-law-practice-group","status":"publish","type":"page","link":"https:\/\/lmrlawyers.com\/fr\/services\/institutional-law-practice-group\/","title":{"rendered":"Droit <span>institutionnel<\/span>"},"content":{"rendered":"<p>Nous avons les aptitudes et l\u2019exp\u00e9rience requises afin d\u2019agir en tant qu\u2019\u00e9quipe juridique virtuelle interne pour votre entreprise ou association et sommes en mesure de vous fournir des solutions proactives \u00e0 vos obligations juridiques. En nous laissant le soin de nous pr\u00e9occuper des aspects juridiques li\u00e9s \u00e0 votre entreprise ou association, vous pourrez vous pr\u00e9occuper d\u2019autres choses importantes.<\/p>\n<p>Low Murchison Radnoff s.r.l. est un cabinet d\u2019avocats situ\u00e9 \u00e0 Ottawa au Canada.<\/p>\n<p>Notre \u00e9quipe a form\u00e9 des m\u00e9diateurs afin de vous aider \u00e0 r\u00e9soudre vos diff\u00e9rends. Toutefois, nous sommes \u00e9galement parfaitement en mesure de repr\u00e9senter et de d\u00e9fendre nos clients lors de poursuites \u00e0 tous les \u00e9chelons du syst\u00e8me judiciaire, ainsi que devant les tribunaux tels que le Tribunal des droits de la personne.<\/p>\n<p>Ce groupe de droit s\u2019engage \u00e0 aider nos clients avec tous les aspects de leurs besoins juridiques quotidiens au moment opportun. Il est souvent fait appel \u00e0 nos services \u00e0 court pr\u00e9avis afin de fournir des solutions rapides qui r\u00e9pondent aux probl\u00e8mes juridiques impr\u00e9vus et urgents auxquels sont confront\u00e9s nos clients.<\/p>\n<p>Nous collaborons avec nos clients \u00e0 la r\u00e9daction de documents relatifs aux entreprises, de politiques, de directives, de r\u00e8glements ainsi que de protocoles li\u00e9s \u00e0 divers type de r\u00e9unions, d\u2019audiences, \u00e0 la protection des renseignements personnels, aux exigences d\u2019admission et aux examens.<\/p>\n<p>Notre groupe de droit institutionnel poss\u00e8de une vaste exp\u00e9rience dans la fourniture de conseils \u00e0 ses clients de grandes et petites entreprises et associations.<\/p>\n<p>Nous sommes en mesure d\u2019assister nos clients\u00a0relativement \u00e0\u00a0:<\/p>\n<ul>\n<li>Les services de TI et contrats et accords li\u00e9s aux activit\u00e9s d&rsquo;acquisition<\/li>\n<li>Les baux commerciaux<\/li>\n<li>L\u2019achat de terrains<\/li>\n<li>Les servitudes<\/li>\n<li>Les questions li\u00e9es \u00e0 la construction [demandes de proposition (DP); demandes de qualification (DDQ); contrats de construction; diff\u00e9rends; privil\u00e8ges de construction]<\/li>\n<li>Les questions li\u00e9es \u00e0 l\u2019emploi<\/li>\n<\/ul>\n","protected":false},"excerpt":{"rendered":"<p>Nous avons les aptitudes et l\u2019exp\u00e9rience requises afin d\u2019agir en tant qu\u2019\u00e9quipe juridique virtuelle interne pour votre entreprise ou association et sommes en mesure de vous fournir des solutions proactives &hellip; <\/p>\n<p><a class=\"button\" href=\"https:\/\/lmrlawyers.com\/fr\/services\/institutional-law-practice-group\/\">Continuer la lecture<\/a><\/p>\n","protected":false},"author":12,"featured_media":0,"parent":170,"menu_order":12,"comment_status":"closed","ping_status":"closed","template":"page-service.php","meta":{"_acf_changed":false,"footnotes":""},"class_list":["post-213","page","type-page","status-publish","hentry"],"acf":[],"yoast_head":"<!-- This site is optimized with the Yoast SEO plugin v27.3 - https:\/\/yoast.com\/product\/yoast-seo-wordpress\/ -->\n<title>Institutional Lawyers Ottawa | Low Murchison Radnoff LLP<\/title>\n<meta name=\"description\" content=\"Our Institutional Law Group has extensive experience &amp; can be a virtual law department for institutional and association clients. Contact us with questions.\" \/>\n<meta name=\"robots\" content=\"index, follow, max-snippet:-1, max-image-preview:large, max-video-preview:-1\" \/>\n<link rel=\"canonical\" href=\"https:\/\/lmrlawyers.com\/fr\/services\/institutional-law-practice-group\/\" \/>\n<meta property=\"og:locale\" content=\"fr_FR\" \/>\n<meta property=\"og:type\" content=\"article\" \/>\n<meta property=\"og:title\" content=\"Institutional Lawyers Ottawa | Low Murchison Radnoff LLP\" \/>\n<meta property=\"og:description\" content=\"Our Institutional Law Group has extensive experience &amp; can be a virtual law department for institutional and association clients. Contact us with questions.\" \/>\n<meta property=\"og:url\" content=\"https:\/\/lmrlawyers.com\/fr\/services\/institutional-law-practice-group\/\" \/>\n<meta property=\"og:site_name\" content=\"LMR Lawyers\" \/>\n<meta property=\"article:publisher\" content=\"https:\/\/www.facebook.com\/LMRLawyers\" \/>\n<meta property=\"article:modified_time\" content=\"2017-11-14T15:41:48+00:00\" \/>\n<meta name=\"twitter:card\" content=\"summary_large_image\" \/>\n<meta name=\"twitter:site\" content=\"@LMRlawyers\" \/>\n<meta name=\"twitter:label1\" content=\"Dur\u00e9e de lecture estim\u00e9e\" \/>\n\t<meta name=\"twitter:data1\" content=\"2 minutes\" \/>\n<script type=\"application\/ld+json\" class=\"yoast-schema-graph\">{\"@context\":\"https:\\\/\\\/schema.org\",\"@graph\":[{\"@type\":\"WebPage\",\"@id\":\"https:\\\/\\\/lmrlawyers.com\\\/fr\\\/services\\\/institutional-law-practice-group\\\/\",\"url\":\"https:\\\/\\\/lmrlawyers.com\\\/fr\\\/services\\\/institutional-law-practice-group\\\/\",\"name\":\"Institutional Lawyers Ottawa | Low Murchison Radnoff LLP\",\"isPartOf\":{\"@id\":\"https:\\\/\\\/lmrlawyers.com\\\/fr\\\/#website\"},\"datePublished\":\"2015-07-19T21:56:41+00:00\",\"dateModified\":\"2017-11-14T15:41:48+00:00\",\"description\":\"Our Institutional Law Group has extensive experience & can be a virtual law department for institutional and association clients. Contact us with questions.\",\"breadcrumb\":{\"@id\":\"https:\\\/\\\/lmrlawyers.com\\\/fr\\\/services\\\/institutional-law-practice-group\\\/#breadcrumb\"},\"inLanguage\":\"fr-FR\",\"potentialAction\":[{\"@type\":\"ReadAction\",\"target\":[\"https:\\\/\\\/lmrlawyers.com\\\/fr\\\/services\\\/institutional-law-practice-group\\\/\"]}]},{\"@type\":\"BreadcrumbList\",\"@id\":\"https:\\\/\\\/lmrlawyers.com\\\/fr\\\/services\\\/institutional-law-practice-group\\\/#breadcrumb\",\"itemListElement\":[{\"@type\":\"ListItem\",\"position\":1,\"name\":\"Home\",\"item\":\"https:\\\/\\\/lmrlawyers.com\\\/fr\\\/\"},{\"@type\":\"ListItem\",\"position\":2,\"name\":\"Services Juridiques\",\"item\":\"https:\\\/\\\/lmrlawyers.com\\\/fr\\\/services\\\/\"},{\"@type\":\"ListItem\",\"position\":3,\"name\":\"Droit institutionnel\"}]},{\"@type\":\"WebSite\",\"@id\":\"https:\\\/\\\/lmrlawyers.com\\\/fr\\\/#website\",\"url\":\"https:\\\/\\\/lmrlawyers.com\\\/fr\\\/\",\"name\":\"LMR Lawyers\",\"description\":\"\",\"publisher\":{\"@id\":\"https:\\\/\\\/lmrlawyers.com\\\/fr\\\/#organization\"},\"potentialAction\":[{\"@type\":\"SearchAction\",\"target\":{\"@type\":\"EntryPoint\",\"urlTemplate\":\"https:\\\/\\\/lmrlawyers.com\\\/fr\\\/?s={search_term_string}\"},\"query-input\":{\"@type\":\"PropertyValueSpecification\",\"valueRequired\":true,\"valueName\":\"search_term_string\"}}],\"inLanguage\":\"fr-FR\"},{\"@type\":\"Organization\",\"@id\":\"https:\\\/\\\/lmrlawyers.com\\\/fr\\\/#organization\",\"name\":\"Low Murchison Radnoff LLP\",\"url\":\"https:\\\/\\\/lmrlawyers.com\\\/fr\\\/\",\"logo\":{\"@type\":\"ImageObject\",\"inLanguage\":\"fr-FR\",\"@id\":\"https:\\\/\\\/lmrlawyers.com\\\/fr\\\/#\\\/schema\\\/logo\\\/image\\\/\",\"url\":\"https:\\\/\\\/lmrlawyers.com\\\/wp-content\\\/uploads\\\/2015\\\/07\\\/logo.png\",\"contentUrl\":\"https:\\\/\\\/lmrlawyers.com\\\/wp-content\\\/uploads\\\/2015\\\/07\\\/logo.png\",\"width\":276,\"height\":79,\"caption\":\"Low Murchison Radnoff LLP\"},\"image\":{\"@id\":\"https:\\\/\\\/lmrlawyers.com\\\/fr\\\/#\\\/schema\\\/logo\\\/image\\\/\"},\"sameAs\":[\"https:\\\/\\\/www.facebook.com\\\/LMRLawyers\",\"https:\\\/\\\/x.com\\\/LMRlawyers\",\"https:\\\/\\\/www.linkedin.com\\\/company\\\/low-murchison-radnoff-llp\"]}]}<\/script>\n<!-- \/ Yoast SEO plugin. -->","yoast_head_json":{"title":"Institutional Lawyers Ottawa | Low Murchison Radnoff LLP","description":"Our Institutional Law Group has extensive experience & can be a virtual law department for institutional and association clients. Contact us with questions.","robots":{"index":"index","follow":"follow","max-snippet":"max-snippet:-1","max-image-preview":"max-image-preview:large","max-video-preview":"max-video-preview:-1"},"canonical":"https:\/\/lmrlawyers.com\/fr\/services\/institutional-law-practice-group\/","og_locale":"fr_FR","og_type":"article","og_title":"Institutional Lawyers Ottawa | Low Murchison Radnoff LLP","og_description":"Our Institutional Law Group has extensive experience & can be a virtual law department for institutional and association clients. Contact us with questions.","og_url":"https:\/\/lmrlawyers.com\/fr\/services\/institutional-law-practice-group\/","og_site_name":"LMR Lawyers","article_publisher":"https:\/\/www.facebook.com\/LMRLawyers","article_modified_time":"2017-11-14T15:41:48+00:00","twitter_card":"summary_large_image","twitter_site":"@LMRlawyers","twitter_misc":{"Dur\u00e9e de lecture estim\u00e9e":"2 minutes"},"schema":{"@context":"https:\/\/schema.org","@graph":[{"@type":"WebPage","@id":"https:\/\/lmrlawyers.com\/fr\/services\/institutional-law-practice-group\/","url":"https:\/\/lmrlawyers.com\/fr\/services\/institutional-law-practice-group\/","name":"Institutional Lawyers Ottawa | Low Murchison Radnoff LLP","isPartOf":{"@id":"https:\/\/lmrlawyers.com\/fr\/#website"},"datePublished":"2015-07-19T21:56:41+00:00","dateModified":"2017-11-14T15:41:48+00:00","description":"Our Institutional Law Group has extensive experience & can be a virtual law department for institutional and association clients. Contact us with questions.","breadcrumb":{"@id":"https:\/\/lmrlawyers.com\/fr\/services\/institutional-law-practice-group\/#breadcrumb"},"inLanguage":"fr-FR","potentialAction":[{"@type":"ReadAction","target":["https:\/\/lmrlawyers.com\/fr\/services\/institutional-law-practice-group\/"]}]},{"@type":"BreadcrumbList","@id":"https:\/\/lmrlawyers.com\/fr\/services\/institutional-law-practice-group\/#breadcrumb","itemListElement":[{"@type":"ListItem","position":1,"name":"Home","item":"https:\/\/lmrlawyers.com\/fr\/"},{"@type":"ListItem","position":2,"name":"Services Juridiques","item":"https:\/\/lmrlawyers.com\/fr\/services\/"},{"@type":"ListItem","position":3,"name":"Droit institutionnel"}]},{"@type":"WebSite","@id":"https:\/\/lmrlawyers.com\/fr\/#website","url":"https:\/\/lmrlawyers.com\/fr\/","name":"LMR Lawyers","description":"","publisher":{"@id":"https:\/\/lmrlawyers.com\/fr\/#organization"},"potentialAction":[{"@type":"SearchAction","target":{"@type":"EntryPoint","urlTemplate":"https:\/\/lmrlawyers.com\/fr\/?s={search_term_string}"},"query-input":{"@type":"PropertyValueSpecification","valueRequired":true,"valueName":"search_term_string"}}],"inLanguage":"fr-FR"},{"@type":"Organization","@id":"https:\/\/lmrlawyers.com\/fr\/#organization","name":"Low Murchison Radnoff LLP","url":"https:\/\/lmrlawyers.com\/fr\/","logo":{"@type":"ImageObject","inLanguage":"fr-FR","@id":"https:\/\/lmrlawyers.com\/fr\/#\/schema\/logo\/image\/","url":"https:\/\/lmrlawyers.com\/wp-content\/uploads\/2015\/07\/logo.png","contentUrl":"https:\/\/lmrlawyers.com\/wp-content\/uploads\/2015\/07\/logo.png","width":276,"height":79,"caption":"Low Murchison Radnoff LLP"},"image":{"@id":"https:\/\/lmrlawyers.com\/fr\/#\/schema\/logo\/image\/"},"sameAs":["https:\/\/www.facebook.com\/LMRLawyers","https:\/\/x.com\/LMRlawyers","https:\/\/www.linkedin.com\/company\/low-murchison-radnoff-llp"]}]}},"_links":{"self":[{"href":"https:\/\/lmrlawyers.com\/fr\/wp-json\/wp\/v2\/pages\/213","targetHints":{"allow":["GET"]}}],"collection":[{"href":"https:\/\/lmrlawyers.com\/fr\/wp-json\/wp\/v2\/pages"}],"about":[{"href":"https:\/\/lmrlawyers.com\/fr\/wp-json\/wp\/v2\/types\/page"}],"author":[{"embeddable":true,"href":"https:\/\/lmrlawyers.com\/fr\/wp-json\/wp\/v2\/users\/12"}],"replies":[{"embeddable":true,"href":"https:\/\/lmrlawyers.com\/fr\/wp-json\/wp\/v2\/comments?post=213"}],"version-history":[{"count":5,"href":"https:\/\/lmrlawyers.com\/fr\/wp-json\/wp\/v2\/pages\/213\/revisions"}],"predecessor-version":[{"id":3120,"href":"https:\/\/lmrlawyers.com\/fr\/wp-json\/wp\/v2\/pages\/213\/revisions\/3120"}],"up":[{"embeddable":true,"href":"https:\/\/lmrlawyers.com\/fr\/wp-json\/wp\/v2\/pages\/170"}],"wp:attachment":[{"href":"https:\/\/lmrlawyers.com\/fr\/wp-json\/wp\/v2\/media?parent=213"}],"curies":[{"name":"wp","href":"https:\/\/api.w.org\/{rel}","templated":true}]}}