{"id":203,"date":"2015-07-19T17:56:41","date_gmt":"2015-07-19T21:56:41","guid":{"rendered":"https:\/\/lmrlawyers.com\/\/legal-services\/estate-and-succession-planning-practice-group\/?lang=fr"},"modified":"2024-02-26T14:00:06","modified_gmt":"2024-02-26T19:00:06","slug":"droit-de-planification-de-la-succession","status":"publish","type":"page","link":"https:\/\/lmrlawyers.com\/fr\/services\/droit-de-planification-de-la-succession\/","title":{"rendered":"Droit de planification de la <span>succession<\/span>"},"content":{"rendered":"<p>Notre \u00e9quipe de planification de la succession, qui est bas\u00e9e \u00e0 Ottawa, offre une gamme importante de services tant aux particuliers qu\u2019aux soci\u00e9t\u00e9s. Il nous ferait plaisir de vous conseiller en mati\u00e8re de planification des biens de la succession, de planification de la succession d\u2019une entreprise, d\u2019 administration successorale, de litige succesoral et\/ou de m\u00e9diation successorale. La planification de votre \u00a0succession assurera votre s\u00e9curit\u00e9 financi\u00e8re et les membres de notre \u00e9quipe sont fiers d\u2019aviser nos clients concernant les meilleures fa\u00e7ons d\u2019organiser leurs affaires.<\/p>\n<p>&nbsp;<\/p>\n<div class=\"column-block\">\n<p><strong>Notre \u00e9quipe fournit des solutions cr\u00e9atives et du moment dans les domaines suivants\u00a0:<\/strong><\/p>\n<ul>\n<li>La planification de la succession\u00a0: la pr\u00e9paration de testaments, de procurations relatives aux soins de la personne et de procurations relatives aux biens;<\/li>\n<li>La planification d\u2019imp\u00f4t personnel et d\u2019imp\u00f4t aux \u00a0successions\u00a0: la pr\u00e9paration de fiducie familiale, de fiducie adulte, de gel successoral, de fiducie d\u2019assurance-vie, de fiducie de conjoint, de fiducie entre vifs, de fiducie Henson pour les b\u00e9n\u00e9ficiaires \u00e0 besoins particuliers, de modifications de fiducie, de mutiples testaments, ainsi que la planification fiscale post-mortem et l\u2019administration de fiducies;<\/li>\n<li>La planification de la succession d\u2019entreprises\u00a0: la r\u00e9organisation d\u2019entreprise, les conventions d\u2019actionnaires, l\u2019utilisation de l\u2019assurance-vie, les organisations variables du capital social, et les dispositions fiscalement avantageuses;<\/li>\n<li>Les \u00a0dossiers \u00a0traitants directement ou indirectement de personnes atteintes d\u2019incapacit\u00e9 mentale, dont la tutelle et les questions de capacit\u00e9;<\/li>\n<li>La planification de dons de bienfaisance aux fondations publiques et priv\u00e9es;<\/li>\n<li>L\u2019administration de la succession \/ de procurations\u00a0: l\u2019approbation de comptes pour les fiducies, les successions et les avocats par procuration, l\u2019inventaire des biens immobiliers, la distribution des actifs de la succession, le d\u00e9p\u00f4t des documents de la succession, l\u2019interpr\u00e9tation des testaments et des fiducies et les obligations d\u2019ex\u00e9cution testamentaire;<\/li>\n<li>La protection des mineurs\u00a0: la d\u00e9signation de tuteurs et l\u2019\u00e9tablissement de fiducie pour les enfants mineurs;<\/li>\n<li>Les questions de biens, dont les options d\u2019appartenance afin d\u2019assurer que les objectifs de planification\u00a0successoral soient r\u00e9alis\u00e9s; et<\/li>\n<li>Le litige \/ les modes extrajudiciaires de r\u00e8glement des conflits\u00a0: les questions de capacit\u00e9, les disputes successorales et les questions d\u2019interpr\u00e9tation de testaments.<\/li>\n<\/ul>\n<\/div>\n","protected":false},"excerpt":{"rendered":"<p>Notre \u00e9quipe de planification de la succession, qui est bas\u00e9e \u00e0 Ottawa, offre une gamme importante de services tant aux particuliers qu\u2019aux soci\u00e9t\u00e9s. Il nous ferait plaisir de vous conseiller &hellip; <\/p>\n<p><a class=\"button\" href=\"https:\/\/lmrlawyers.com\/fr\/services\/droit-de-planification-de-la-succession\/\">Continuer la lecture<\/a><\/p>\n","protected":false},"author":12,"featured_media":0,"parent":170,"menu_order":4,"comment_status":"closed","ping_status":"closed","template":"page-service.php","meta":{"_acf_changed":false,"footnotes":""},"class_list":["post-203","page","type-page","status-publish","hentry"],"acf":[],"yoast_head":"<!-- This site is optimized with the Yoast SEO plugin v27.5 - https:\/\/yoast.com\/product\/yoast-seo-wordpress\/ -->\n<title>Droit de planification de la succession - LMR Lawyers<\/title>\n<meta name=\"robots\" content=\"index, follow, max-snippet:-1, max-image-preview:large, max-video-preview:-1\" \/>\n<link rel=\"canonical\" href=\"https:\/\/lmrlawyers.com\/fr\/services\/droit-de-planification-de-la-succession\/\" \/>\n<meta property=\"og:locale\" content=\"fr_FR\" \/>\n<meta property=\"og:type\" content=\"article\" \/>\n<meta property=\"og:title\" content=\"Droit de planification de la succession - LMR Lawyers\" \/>\n<meta property=\"og:description\" content=\"Notre \u00e9quipe de planification de la succession, qui est bas\u00e9e \u00e0 Ottawa, offre une gamme importante de services tant aux particuliers qu\u2019aux soci\u00e9t\u00e9s. Il nous ferait plaisir de vous conseiller &hellip; Continuer la lecture\" \/>\n<meta property=\"og:url\" content=\"https:\/\/lmrlawyers.com\/fr\/services\/droit-de-planification-de-la-succession\/\" \/>\n<meta property=\"og:site_name\" content=\"LMR Lawyers\" \/>\n<meta property=\"article:publisher\" content=\"https:\/\/www.facebook.com\/LMRLawyers\" \/>\n<meta property=\"article:modified_time\" content=\"2024-02-26T19:00:06+00:00\" \/>\n<meta name=\"twitter:card\" content=\"summary_large_image\" \/>\n<meta name=\"twitter:site\" content=\"@LMRlawyers\" \/>\n<meta name=\"twitter:label1\" content=\"Dur\u00e9e de lecture estim\u00e9e\" \/>\n\t<meta name=\"twitter:data1\" content=\"2 minutes\" \/>\n<script type=\"application\/ld+json\" class=\"yoast-schema-graph\">{\"@context\":\"https:\\\/\\\/schema.org\",\"@graph\":[{\"@type\":\"WebPage\",\"@id\":\"https:\\\/\\\/lmrlawyers.com\\\/fr\\\/services\\\/droit-de-planification-de-la-succession\\\/\",\"url\":\"https:\\\/\\\/lmrlawyers.com\\\/fr\\\/services\\\/droit-de-planification-de-la-succession\\\/\",\"name\":\"Droit de planification de la succession - LMR Lawyers\",\"isPartOf\":{\"@id\":\"https:\\\/\\\/lmrlawyers.com\\\/fr\\\/#website\"},\"datePublished\":\"2015-07-19T21:56:41+00:00\",\"dateModified\":\"2024-02-26T19:00:06+00:00\",\"breadcrumb\":{\"@id\":\"https:\\\/\\\/lmrlawyers.com\\\/fr\\\/services\\\/droit-de-planification-de-la-succession\\\/#breadcrumb\"},\"inLanguage\":\"fr-FR\",\"potentialAction\":[{\"@type\":\"ReadAction\",\"target\":[\"https:\\\/\\\/lmrlawyers.com\\\/fr\\\/services\\\/droit-de-planification-de-la-succession\\\/\"]}]},{\"@type\":\"BreadcrumbList\",\"@id\":\"https:\\\/\\\/lmrlawyers.com\\\/fr\\\/services\\\/droit-de-planification-de-la-succession\\\/#breadcrumb\",\"itemListElement\":[{\"@type\":\"ListItem\",\"position\":1,\"name\":\"Home\",\"item\":\"https:\\\/\\\/lmrlawyers.com\\\/fr\\\/\"},{\"@type\":\"ListItem\",\"position\":2,\"name\":\"Services Juridiques\",\"item\":\"https:\\\/\\\/lmrlawyers.com\\\/fr\\\/services\\\/\"},{\"@type\":\"ListItem\",\"position\":3,\"name\":\"Droit de planification de la succession\"}]},{\"@type\":\"WebSite\",\"@id\":\"https:\\\/\\\/lmrlawyers.com\\\/fr\\\/#website\",\"url\":\"https:\\\/\\\/lmrlawyers.com\\\/fr\\\/\",\"name\":\"LMR Lawyers\",\"description\":\"\",\"publisher\":{\"@id\":\"https:\\\/\\\/lmrlawyers.com\\\/fr\\\/#organization\"},\"potentialAction\":[{\"@type\":\"SearchAction\",\"target\":{\"@type\":\"EntryPoint\",\"urlTemplate\":\"https:\\\/\\\/lmrlawyers.com\\\/fr\\\/?s={search_term_string}\"},\"query-input\":{\"@type\":\"PropertyValueSpecification\",\"valueRequired\":true,\"valueName\":\"search_term_string\"}}],\"inLanguage\":\"fr-FR\"},{\"@type\":\"Organization\",\"@id\":\"https:\\\/\\\/lmrlawyers.com\\\/fr\\\/#organization\",\"name\":\"Low Murchison Radnoff LLP\",\"url\":\"https:\\\/\\\/lmrlawyers.com\\\/fr\\\/\",\"logo\":{\"@type\":\"ImageObject\",\"inLanguage\":\"fr-FR\",\"@id\":\"https:\\\/\\\/lmrlawyers.com\\\/fr\\\/#\\\/schema\\\/logo\\\/image\\\/\",\"url\":\"https:\\\/\\\/lmrlawyers.com\\\/wp-content\\\/uploads\\\/2015\\\/07\\\/logo.png\",\"contentUrl\":\"https:\\\/\\\/lmrlawyers.com\\\/wp-content\\\/uploads\\\/2015\\\/07\\\/logo.png\",\"width\":276,\"height\":79,\"caption\":\"Low Murchison Radnoff LLP\"},\"image\":{\"@id\":\"https:\\\/\\\/lmrlawyers.com\\\/fr\\\/#\\\/schema\\\/logo\\\/image\\\/\"},\"sameAs\":[\"https:\\\/\\\/www.facebook.com\\\/LMRLawyers\",\"https:\\\/\\\/x.com\\\/LMRlawyers\",\"https:\\\/\\\/www.linkedin.com\\\/company\\\/low-murchison-radnoff-llp\"]}]}<\/script>\n<!-- \/ Yoast SEO plugin. -->","yoast_head_json":{"title":"Droit de planification de la succession - LMR Lawyers","robots":{"index":"index","follow":"follow","max-snippet":"max-snippet:-1","max-image-preview":"max-image-preview:large","max-video-preview":"max-video-preview:-1"},"canonical":"https:\/\/lmrlawyers.com\/fr\/services\/droit-de-planification-de-la-succession\/","og_locale":"fr_FR","og_type":"article","og_title":"Droit de planification de la succession - LMR Lawyers","og_description":"Notre \u00e9quipe de planification de la succession, qui est bas\u00e9e \u00e0 Ottawa, offre une gamme importante de services tant aux particuliers qu\u2019aux soci\u00e9t\u00e9s. Il nous ferait plaisir de vous conseiller &hellip; Continuer la lecture","og_url":"https:\/\/lmrlawyers.com\/fr\/services\/droit-de-planification-de-la-succession\/","og_site_name":"LMR Lawyers","article_publisher":"https:\/\/www.facebook.com\/LMRLawyers","article_modified_time":"2024-02-26T19:00:06+00:00","twitter_card":"summary_large_image","twitter_site":"@LMRlawyers","twitter_misc":{"Dur\u00e9e de lecture estim\u00e9e":"2 minutes"},"schema":{"@context":"https:\/\/schema.org","@graph":[{"@type":"WebPage","@id":"https:\/\/lmrlawyers.com\/fr\/services\/droit-de-planification-de-la-succession\/","url":"https:\/\/lmrlawyers.com\/fr\/services\/droit-de-planification-de-la-succession\/","name":"Droit de planification de la succession - LMR Lawyers","isPartOf":{"@id":"https:\/\/lmrlawyers.com\/fr\/#website"},"datePublished":"2015-07-19T21:56:41+00:00","dateModified":"2024-02-26T19:00:06+00:00","breadcrumb":{"@id":"https:\/\/lmrlawyers.com\/fr\/services\/droit-de-planification-de-la-succession\/#breadcrumb"},"inLanguage":"fr-FR","potentialAction":[{"@type":"ReadAction","target":["https:\/\/lmrlawyers.com\/fr\/services\/droit-de-planification-de-la-succession\/"]}]},{"@type":"BreadcrumbList","@id":"https:\/\/lmrlawyers.com\/fr\/services\/droit-de-planification-de-la-succession\/#breadcrumb","itemListElement":[{"@type":"ListItem","position":1,"name":"Home","item":"https:\/\/lmrlawyers.com\/fr\/"},{"@type":"ListItem","position":2,"name":"Services Juridiques","item":"https:\/\/lmrlawyers.com\/fr\/services\/"},{"@type":"ListItem","position":3,"name":"Droit de planification de la succession"}]},{"@type":"WebSite","@id":"https:\/\/lmrlawyers.com\/fr\/#website","url":"https:\/\/lmrlawyers.com\/fr\/","name":"LMR Lawyers","description":"","publisher":{"@id":"https:\/\/lmrlawyers.com\/fr\/#organization"},"potentialAction":[{"@type":"SearchAction","target":{"@type":"EntryPoint","urlTemplate":"https:\/\/lmrlawyers.com\/fr\/?s={search_term_string}"},"query-input":{"@type":"PropertyValueSpecification","valueRequired":true,"valueName":"search_term_string"}}],"inLanguage":"fr-FR"},{"@type":"Organization","@id":"https:\/\/lmrlawyers.com\/fr\/#organization","name":"Low Murchison Radnoff LLP","url":"https:\/\/lmrlawyers.com\/fr\/","logo":{"@type":"ImageObject","inLanguage":"fr-FR","@id":"https:\/\/lmrlawyers.com\/fr\/#\/schema\/logo\/image\/","url":"https:\/\/lmrlawyers.com\/wp-content\/uploads\/2015\/07\/logo.png","contentUrl":"https:\/\/lmrlawyers.com\/wp-content\/uploads\/2015\/07\/logo.png","width":276,"height":79,"caption":"Low Murchison Radnoff LLP"},"image":{"@id":"https:\/\/lmrlawyers.com\/fr\/#\/schema\/logo\/image\/"},"sameAs":["https:\/\/www.facebook.com\/LMRLawyers","https:\/\/x.com\/LMRlawyers","https:\/\/www.linkedin.com\/company\/low-murchison-radnoff-llp"]}]}},"_links":{"self":[{"href":"https:\/\/lmrlawyers.com\/fr\/wp-json\/wp\/v2\/pages\/203","targetHints":{"allow":["GET"]}}],"collection":[{"href":"https:\/\/lmrlawyers.com\/fr\/wp-json\/wp\/v2\/pages"}],"about":[{"href":"https:\/\/lmrlawyers.com\/fr\/wp-json\/wp\/v2\/types\/page"}],"author":[{"embeddable":true,"href":"https:\/\/lmrlawyers.com\/fr\/wp-json\/wp\/v2\/users\/12"}],"replies":[{"embeddable":true,"href":"https:\/\/lmrlawyers.com\/fr\/wp-json\/wp\/v2\/comments?post=203"}],"version-history":[{"count":5,"href":"https:\/\/lmrlawyers.com\/fr\/wp-json\/wp\/v2\/pages\/203\/revisions"}],"predecessor-version":[{"id":4800,"href":"https:\/\/lmrlawyers.com\/fr\/wp-json\/wp\/v2\/pages\/203\/revisions\/4800"}],"up":[{"embeddable":true,"href":"https:\/\/lmrlawyers.com\/fr\/wp-json\/wp\/v2\/pages\/170"}],"wp:attachment":[{"href":"https:\/\/lmrlawyers.com\/fr\/wp-json\/wp\/v2\/media?parent=203"}],"curies":[{"name":"wp","href":"https:\/\/api.w.org\/{rel}","templated":true}]}}