{"id":178,"date":"2015-07-19T17:56:41","date_gmt":"2015-07-19T21:56:41","guid":{"rendered":"https:\/\/lmrlawyers.com\/\/services-juridiques\/civil-litigation\/?lang=fr"},"modified":"2018-04-30T13:07:58","modified_gmt":"2018-04-30T17:07:58","slug":"litige-civil","status":"publish","type":"page","link":"https:\/\/lmrlawyers.com\/fr\/services\/litige-civil\/","title":{"rendered":"Litige <span>civil<\/span>"},"content":{"rendered":"<p>Les probl\u00e8mes juridiques peuvent \u00eatre une source de stress et de souci. C\u2019est pourquoi nous faisons de notre possible pour rendre\u00a0 votre exp\u00e9rience des plus agr\u00e9able. Si vous avez une dispute et vous avez besoin d\u2019un repr\u00e9sentant juridique, nous sommes toujours pr\u00eats \u00e0 vous aider \u00e0 r\u00e9soudre votre conflit de fa\u00e7on juste et \u00e9quitable.<\/p>\n<p>Notre \u00e9quipe de litige civil allie la prudence avec des ann\u00e9es d\u2019exp\u00e9rience en litige afin d\u2019offrir \u00e0 nos clients des conseils juridiques de qualit\u00e9, de fortes capacit\u00e9s de n\u00e9gociation, et une repr\u00e9sentation juridique efficace devant les tribunaux. Les membres de notre \u00e9quipe de litige civil ont comparu devant des tribunaux administratifs ainsi que devant tous les niveaux des cours de premi\u00e8re instance et d\u2019appel, dont la Cour f\u00e9d\u00e9rale, la Cour d\u2019appel de l\u2019Ontario, la Cour d\u2019appel f\u00e9d\u00e9rale et la Cour supr\u00eame du Canada.<\/p>\n<p>Nous sommes conscients que le litige peut \u00eatre une proposition dispendieuse et incertaine. Nous nous engageons \u00e0 travailler de pr\u00e8s avec nos clients, de s\u2019assurer qu\u2019ils restent inform\u00e9s et de g\u00e9rer attentivement tous les aspects de leurs dossiers pendant toute la dur\u00e9e du processus. Nous sommes conscients que la r\u00e9alit\u00e9 \u00e9conomique dicte souvent qu\u2019il faut obtenir un r\u00e8glement en faveur de nos clients avant le proc\u00e8s, lorsque ceci est possible\u00a0: nos avocats sont experts en n\u00e9gociation traditionnelle, ainsi qu\u2019en strat\u00e9gies des modes extrajudiciaires de r\u00e8glement des conflits, dont la m\u00e9diation et l\u2019arbitrage.<\/p>\n<div class=\"column-block\">\n<p><strong>Il nous ferait plaisir de vous conseiller dans plusieurs domaines de litige civil, dont\u00a0:<\/strong><\/p>\n<ul>\n<li>Disputes commerciales et financi\u00e8res<\/li>\n<li>Droit de la construction<\/li>\n<li>D\u00e9biteur\/cr\u00e9ancier<\/li>\n<li>Droit du travail<\/li>\n<li>Droit de l\u2019environnement<\/li>\n<li>Droit des assurances<\/li>\n<li>Droit du dommage corporel<\/li>\n<li>Droit du sport<\/li>\n<li>Cong\u00e9diement injustifi\u00e9<\/li>\n<li>Droit de la copropri\u00e9t\u00e9<\/li>\n<\/ul>\n<\/div>\n","protected":false},"excerpt":{"rendered":"<p>Les probl\u00e8mes juridiques peuvent \u00eatre une source de stress et de souci. C\u2019est pourquoi nous faisons de notre possible pour rendre\u00a0 votre exp\u00e9rience des plus agr\u00e9able. Si vous avez une &hellip; <\/p>\n<p><a class=\"button\" href=\"https:\/\/lmrlawyers.com\/fr\/services\/litige-civil\/\">Continuer la lecture<\/a><\/p>\n","protected":false},"author":12,"featured_media":0,"parent":170,"menu_order":2,"comment_status":"closed","ping_status":"closed","template":"page-service.php","meta":{"_acf_changed":false,"footnotes":""},"class_list":["post-178","page","type-page","status-publish","hentry"],"acf":[],"yoast_head":"<!-- This site is optimized with the Yoast SEO plugin v27.4 - https:\/\/yoast.com\/product\/yoast-seo-wordpress\/ -->\n<title>Litige civil - LMR Lawyers<\/title>\n<meta name=\"robots\" content=\"index, follow, max-snippet:-1, max-image-preview:large, max-video-preview:-1\" \/>\n<link rel=\"canonical\" href=\"https:\/\/lmrlawyers.com\/fr\/services\/litige-civil\/\" \/>\n<meta property=\"og:locale\" content=\"fr_FR\" \/>\n<meta property=\"og:type\" content=\"article\" \/>\n<meta property=\"og:title\" content=\"Litige civil - LMR Lawyers\" \/>\n<meta property=\"og:description\" content=\"Les probl\u00e8mes juridiques peuvent \u00eatre une source de stress et de souci. C\u2019est pourquoi nous faisons de notre possible pour rendre\u00a0 votre exp\u00e9rience des plus agr\u00e9able. Si vous avez une &hellip; Continuer la lecture\" \/>\n<meta property=\"og:url\" content=\"https:\/\/lmrlawyers.com\/fr\/services\/litige-civil\/\" \/>\n<meta property=\"og:site_name\" content=\"LMR Lawyers\" \/>\n<meta property=\"article:publisher\" content=\"https:\/\/www.facebook.com\/LMRLawyers\" \/>\n<meta property=\"article:modified_time\" content=\"2018-04-30T17:07:58+00:00\" \/>\n<meta name=\"twitter:card\" content=\"summary_large_image\" \/>\n<meta name=\"twitter:site\" content=\"@LMRlawyers\" \/>\n<meta name=\"twitter:label1\" content=\"Dur\u00e9e de lecture estim\u00e9e\" \/>\n\t<meta name=\"twitter:data1\" content=\"2 minutes\" \/>\n<script type=\"application\/ld+json\" class=\"yoast-schema-graph\">{\"@context\":\"https:\\\/\\\/schema.org\",\"@graph\":[{\"@type\":\"WebPage\",\"@id\":\"https:\\\/\\\/lmrlawyers.com\\\/fr\\\/services\\\/litige-civil\\\/\",\"url\":\"https:\\\/\\\/lmrlawyers.com\\\/fr\\\/services\\\/litige-civil\\\/\",\"name\":\"Litige civil - LMR Lawyers\",\"isPartOf\":{\"@id\":\"https:\\\/\\\/lmrlawyers.com\\\/fr\\\/#website\"},\"datePublished\":\"2015-07-19T21:56:41+00:00\",\"dateModified\":\"2018-04-30T17:07:58+00:00\",\"breadcrumb\":{\"@id\":\"https:\\\/\\\/lmrlawyers.com\\\/fr\\\/services\\\/litige-civil\\\/#breadcrumb\"},\"inLanguage\":\"fr-FR\",\"potentialAction\":[{\"@type\":\"ReadAction\",\"target\":[\"https:\\\/\\\/lmrlawyers.com\\\/fr\\\/services\\\/litige-civil\\\/\"]}]},{\"@type\":\"BreadcrumbList\",\"@id\":\"https:\\\/\\\/lmrlawyers.com\\\/fr\\\/services\\\/litige-civil\\\/#breadcrumb\",\"itemListElement\":[{\"@type\":\"ListItem\",\"position\":1,\"name\":\"Home\",\"item\":\"https:\\\/\\\/lmrlawyers.com\\\/fr\\\/\"},{\"@type\":\"ListItem\",\"position\":2,\"name\":\"Services Juridiques\",\"item\":\"https:\\\/\\\/lmrlawyers.com\\\/fr\\\/services\\\/\"},{\"@type\":\"ListItem\",\"position\":3,\"name\":\"Litige civil\"}]},{\"@type\":\"WebSite\",\"@id\":\"https:\\\/\\\/lmrlawyers.com\\\/fr\\\/#website\",\"url\":\"https:\\\/\\\/lmrlawyers.com\\\/fr\\\/\",\"name\":\"LMR Lawyers\",\"description\":\"\",\"publisher\":{\"@id\":\"https:\\\/\\\/lmrlawyers.com\\\/fr\\\/#organization\"},\"potentialAction\":[{\"@type\":\"SearchAction\",\"target\":{\"@type\":\"EntryPoint\",\"urlTemplate\":\"https:\\\/\\\/lmrlawyers.com\\\/fr\\\/?s={search_term_string}\"},\"query-input\":{\"@type\":\"PropertyValueSpecification\",\"valueRequired\":true,\"valueName\":\"search_term_string\"}}],\"inLanguage\":\"fr-FR\"},{\"@type\":\"Organization\",\"@id\":\"https:\\\/\\\/lmrlawyers.com\\\/fr\\\/#organization\",\"name\":\"Low Murchison Radnoff LLP\",\"url\":\"https:\\\/\\\/lmrlawyers.com\\\/fr\\\/\",\"logo\":{\"@type\":\"ImageObject\",\"inLanguage\":\"fr-FR\",\"@id\":\"https:\\\/\\\/lmrlawyers.com\\\/fr\\\/#\\\/schema\\\/logo\\\/image\\\/\",\"url\":\"https:\\\/\\\/lmrlawyers.com\\\/wp-content\\\/uploads\\\/2015\\\/07\\\/logo.png\",\"contentUrl\":\"https:\\\/\\\/lmrlawyers.com\\\/wp-content\\\/uploads\\\/2015\\\/07\\\/logo.png\",\"width\":276,\"height\":79,\"caption\":\"Low Murchison Radnoff LLP\"},\"image\":{\"@id\":\"https:\\\/\\\/lmrlawyers.com\\\/fr\\\/#\\\/schema\\\/logo\\\/image\\\/\"},\"sameAs\":[\"https:\\\/\\\/www.facebook.com\\\/LMRLawyers\",\"https:\\\/\\\/x.com\\\/LMRlawyers\",\"https:\\\/\\\/www.linkedin.com\\\/company\\\/low-murchison-radnoff-llp\"]}]}<\/script>\n<!-- \/ Yoast SEO plugin. -->","yoast_head_json":{"title":"Litige civil - LMR Lawyers","robots":{"index":"index","follow":"follow","max-snippet":"max-snippet:-1","max-image-preview":"max-image-preview:large","max-video-preview":"max-video-preview:-1"},"canonical":"https:\/\/lmrlawyers.com\/fr\/services\/litige-civil\/","og_locale":"fr_FR","og_type":"article","og_title":"Litige civil - LMR Lawyers","og_description":"Les probl\u00e8mes juridiques peuvent \u00eatre une source de stress et de souci. C\u2019est pourquoi nous faisons de notre possible pour rendre\u00a0 votre exp\u00e9rience des plus agr\u00e9able. Si vous avez une &hellip; Continuer la lecture","og_url":"https:\/\/lmrlawyers.com\/fr\/services\/litige-civil\/","og_site_name":"LMR Lawyers","article_publisher":"https:\/\/www.facebook.com\/LMRLawyers","article_modified_time":"2018-04-30T17:07:58+00:00","twitter_card":"summary_large_image","twitter_site":"@LMRlawyers","twitter_misc":{"Dur\u00e9e de lecture estim\u00e9e":"2 minutes"},"schema":{"@context":"https:\/\/schema.org","@graph":[{"@type":"WebPage","@id":"https:\/\/lmrlawyers.com\/fr\/services\/litige-civil\/","url":"https:\/\/lmrlawyers.com\/fr\/services\/litige-civil\/","name":"Litige civil - LMR Lawyers","isPartOf":{"@id":"https:\/\/lmrlawyers.com\/fr\/#website"},"datePublished":"2015-07-19T21:56:41+00:00","dateModified":"2018-04-30T17:07:58+00:00","breadcrumb":{"@id":"https:\/\/lmrlawyers.com\/fr\/services\/litige-civil\/#breadcrumb"},"inLanguage":"fr-FR","potentialAction":[{"@type":"ReadAction","target":["https:\/\/lmrlawyers.com\/fr\/services\/litige-civil\/"]}]},{"@type":"BreadcrumbList","@id":"https:\/\/lmrlawyers.com\/fr\/services\/litige-civil\/#breadcrumb","itemListElement":[{"@type":"ListItem","position":1,"name":"Home","item":"https:\/\/lmrlawyers.com\/fr\/"},{"@type":"ListItem","position":2,"name":"Services Juridiques","item":"https:\/\/lmrlawyers.com\/fr\/services\/"},{"@type":"ListItem","position":3,"name":"Litige civil"}]},{"@type":"WebSite","@id":"https:\/\/lmrlawyers.com\/fr\/#website","url":"https:\/\/lmrlawyers.com\/fr\/","name":"LMR Lawyers","description":"","publisher":{"@id":"https:\/\/lmrlawyers.com\/fr\/#organization"},"potentialAction":[{"@type":"SearchAction","target":{"@type":"EntryPoint","urlTemplate":"https:\/\/lmrlawyers.com\/fr\/?s={search_term_string}"},"query-input":{"@type":"PropertyValueSpecification","valueRequired":true,"valueName":"search_term_string"}}],"inLanguage":"fr-FR"},{"@type":"Organization","@id":"https:\/\/lmrlawyers.com\/fr\/#organization","name":"Low Murchison Radnoff LLP","url":"https:\/\/lmrlawyers.com\/fr\/","logo":{"@type":"ImageObject","inLanguage":"fr-FR","@id":"https:\/\/lmrlawyers.com\/fr\/#\/schema\/logo\/image\/","url":"https:\/\/lmrlawyers.com\/wp-content\/uploads\/2015\/07\/logo.png","contentUrl":"https:\/\/lmrlawyers.com\/wp-content\/uploads\/2015\/07\/logo.png","width":276,"height":79,"caption":"Low Murchison Radnoff LLP"},"image":{"@id":"https:\/\/lmrlawyers.com\/fr\/#\/schema\/logo\/image\/"},"sameAs":["https:\/\/www.facebook.com\/LMRLawyers","https:\/\/x.com\/LMRlawyers","https:\/\/www.linkedin.com\/company\/low-murchison-radnoff-llp"]}]}},"_links":{"self":[{"href":"https:\/\/lmrlawyers.com\/fr\/wp-json\/wp\/v2\/pages\/178","targetHints":{"allow":["GET"]}}],"collection":[{"href":"https:\/\/lmrlawyers.com\/fr\/wp-json\/wp\/v2\/pages"}],"about":[{"href":"https:\/\/lmrlawyers.com\/fr\/wp-json\/wp\/v2\/types\/page"}],"author":[{"embeddable":true,"href":"https:\/\/lmrlawyers.com\/fr\/wp-json\/wp\/v2\/users\/12"}],"replies":[{"embeddable":true,"href":"https:\/\/lmrlawyers.com\/fr\/wp-json\/wp\/v2\/comments?post=178"}],"version-history":[{"count":5,"href":"https:\/\/lmrlawyers.com\/fr\/wp-json\/wp\/v2\/pages\/178\/revisions"}],"predecessor-version":[{"id":3404,"href":"https:\/\/lmrlawyers.com\/fr\/wp-json\/wp\/v2\/pages\/178\/revisions\/3404"}],"up":[{"embeddable":true,"href":"https:\/\/lmrlawyers.com\/fr\/wp-json\/wp\/v2\/pages\/170"}],"wp:attachment":[{"href":"https:\/\/lmrlawyers.com\/fr\/wp-json\/wp\/v2\/media?parent=178"}],"curies":[{"name":"wp","href":"https:\/\/api.w.org\/{rel}","templated":true}]}}