{"id":165,"date":"2015-07-19T17:56:41","date_gmt":"2015-07-19T21:56:41","guid":{"rendered":"https:\/\/lmrlawyers.com\/\/privacy-policy\/?lang=fr"},"modified":"2017-12-01T14:03:57","modified_gmt":"2017-12-01T19:03:57","slug":"privacy-policy","status":"publish","type":"page","link":"https:\/\/lmrlawyers.com\/fr\/privacy-policy\/","title":{"rendered":"D\u00e9claration de <span>confidentialit\u00e9<\/span>"},"content":{"rendered":"<h2><strong>Politique r\u00e9gissant la collecte, l\u2019utilisation et la communication des renseignements personnels<\/strong><\/h2>\n<p>Low Murchison Radnoff s.r.l. reconna\u00eet l\u2019importance de la vie priv\u00e9e et de la protection des renseignements personnels. En tant qu\u2019avocats, nous avons le devoir professionnel de prot\u00e9ger tout renseignement confidentiel acquis dans le cadre de la relation avocat-client. Nous nous engageons \u00e0 prot\u00e9ger toute information personnelle en notre possession. Cette d\u00e9claration de confidentialit\u00e9 a pour but d\u2019\u00e9noncer les moyens que nous utilisons pour g\u00e9rer vos renseignements confidentiels et assurer la protection de votre vie priv\u00e9e.<\/p>\n<p><strong>Vos droits \u00e0 la vie priv\u00e9e<\/strong><\/p>\n<p>Depuis le 1<sup>er<\/sup> janvier 2004, toute organisation engag\u00e9e dans une activit\u00e9 commerciale, dont les avocats et les cabinets juridiques, doit se conformer \u00e0 la <em>Loi sur la protection des renseignements personnels et les documents \u00e9lectroniques<\/em>. Vous trouverez ci-dessous un lien internet pour acc\u00e9der \u00e0 la version officielle de la loi. Nous vous encourageons \u00e0 visiter ce site Web et de vous familiariser avec vos droits li\u00e9s \u00e0 la protection de vos renseignements personnels.<\/p>\n<p><a href=\"http:\/\/www.parl.gc.ca\/36\/2\/parlbus\/chambus\/house\/bills\/government\/C-6\/C-6_4\/C-6_cover-E.html\" target=\"_blank\" rel=\"noopener\">http:\/\/www.parl.gc.ca\/<\/a><\/p>\n<p>Low Murchison Radnoff s.r.l. est enti\u00e8rement responsable de la protection des renseignements personnels qu\u2019elle collecte et garde en sa possession. Pour ce faire, nous avons mis en place cette d\u00e9claration et avons form\u00e9 nos avocats ainsi que notre personnel sur nos politiques et la gestion de renseignements personnels.<\/p>\n<p><strong>Pour quelle raison notre cabinet a-t-il besoin de renseignement personnel?<\/strong><\/p>\n<p>Low Murchison Radnoff s.r.l. fournit des services juridiques \u00e0 une foule de clients. Malheureusement, nous sommes seulement en mesure de fournir ces services\u00a0 si nous avons vos renseignements confidentiels en notre possession.<\/p>\n<p><strong>Quel renseignement personnel collectons-nous?<\/strong><\/p>\n<p>Sont personnels tous les renseignements subjectifs ou factuel, qu\u2019ils soient enregistr\u00e9s ou pas, \u00e0 propos d\u2019un individu identifiable, tel que:<\/p>\n<ul>\n<li>L\u2019\u00e2ge, le nom, les num\u00e9ros d\u2019identification, l\u2019origine ethnique et le groupe sanguin;<\/li>\n<li>Les opinions, les \u00e9valuations, les commentaires, les statuts sociaux ou les actions disciplinaires;<\/li>\n<li>Les dossiers d\u2019employ\u00e9, les dossiers de cr\u00e9dit et de pr\u00eats, les dossiers m\u00e9dicaux, l\u2019existence d\u2019une dispute entre consommateur et commer\u00e7ant, les intentions (par exemple\u00a0: acheter des biens ou des services ou changer d\u2019emploi).<\/li>\n<\/ul>\n<p>Le nom, la position, l\u2019adresse commerciale et le num\u00e9ro de t\u00e9l\u00e9phone d\u2019un employ\u00e9 d\u2019une organisation ne sont pas des renseignements personnels.<\/p>\n<p>Nous collectons uniquement les renseignements n\u00e9cessaires pour votre dossier et vos besoins juridiques. Nous identifierons ces besoins au cas par cas et nous vous informerons des raisons pour lesquelles vos renseignements personnels sont n\u00e9cessaires.<\/p>\n<p><strong>Comment proc\u00e9dons-nous \u00e0 la collection de renseignements personnels?<\/strong><\/p>\n<p>Les renseignements personnels seront collect\u00e9s, si possible, directement de la personne concern\u00e9e au moment o\u00f9 nos services sont retenus et au cours du mandat de repr\u00e9sentation juridique. Cela dit, la collection de renseignements personnels ne se limitera pas seulement \u00e0 l\u2019individu concern\u00e9.<\/p>\n<p><strong>Consentement<\/strong><\/p>\n<p>Dans la majorit\u00e9 des cas, nous vous demanderons une autorisation \u00a0expresse \u00e0 la collection, l\u2019utilisation et la communication de vos renseignements personnels. Cependant, il y a consentement implicite si l\u2019information confidentielle nous est donn\u00e9e directement par vous.<\/p>\n<p><strong>Utilisation de vos renseignements<\/strong><\/p>\n<p>Nous utiliserons vos renseignements personnels uniquement dans le but pour lequel ils ont \u00e9t\u00e9 collect\u00e9s\u00a0: fournir des conseils et des services juridiques.<\/p>\n<p>Nous collectons les adresses \u00e9lectroniques et postales dans l\u2019unique but de vous inclure dans les activit\u00e9s marketing directement associ\u00e9es \u00e0 Low Murchison Radnoff s.r.l. Si vous nous indiquez que vous ne souhaitez pas recevoir d\u2019information de notre part \u00e0 propos de nos services ou de l\u2019actualit\u00e9 juridique, nous retirerons votre nom de notre liste de contacts.<\/p>\n<p>Low Murchison Radnoff s.r.l. se permet de divulguer les renseignements personnels qui ont \u00e9t\u00e9 collect\u00e9s dans les cas suivants:<\/p>\n<ul>\n<li>Lorsque c\u2019est requis ou autoris\u00e9 par la loi, par exemple, dans le cadre d\u2019une ordonnance judiciaire;<\/li>\n<li>Si vous donnez votre consentement verbal ou \u00e9crit \u00e0 la divulgation des renseignements;<\/li>\n<li>Si les services juridiques procur\u00e9s n\u00e9cessitent la divulgation des renseignements \u00e0 un tiers (par exemple, \u00e0 un pr\u00eateur dans le cadre d\u2019une transaction immobili\u00e8re). Votre consentement sera implicite \u00e0 moins qu\u2019une intention contraire soit communiqu\u00e9e \u00e0 nos bureaux par \u00e9crit;<\/li>\n<li>Lorsque c\u2019est n\u00e9cessaire pour payer les honoraires;<\/li>\n<li>Lorsque nous embauchons un tiers pour fournir des services administratifs et que le tiers est assujetti \u00e0 cette d\u00e9claration de confidentialit\u00e9;<\/li>\n<li>Lorsque nous embauchons un t\u00e9moins-expert pour vous;<\/li>\n<li>Lorsque nous embauchons un autre cabinet juridique \u00e0 l\u2019\u00e9tranger pour vous;<\/li>\n<li>Si les renseignements en question sont d\u00e9j\u00e0 connus du public.<\/li>\n<\/ul>\n<p>En soumettant vos renseignements personnels, ou ceux d\u2019un tiers, \u00e0 Low Murchison Radnoff s.r.l., ses filiales, ses prestataires ou ses agents, vous consentez, en votre nom propre et au nom du tiers que vous repr\u00e9sentez, \u00e0 la collection, l\u2019utilisation et la communication de vos renseignements personnels tel qu\u2019\u00e9nonc\u00e9 dans notre d\u00e9claration de confidentialit\u00e9.<\/p>\n<p><strong>Renseignements non-erron\u00e9s<\/strong><\/p>\n<p>Puisque nous utilisons vos renseignements personnels pour vous fournir des services juridiques, il est important que les renseignements fournis soient justes et \u00e0 jour.<\/p>\n<p>Dans le cas o\u00f9 certains de vos renseignements viendraient \u00e0 changer au cours du mandat juridique, nous vous prions de nous en informer pour que nous puissions effectuer les changements n\u00e9cessaires dans nos dossiers.<\/p>\n<p>Si vous vous rendez compte que l\u2019information que nous poss\u00e9dons est erron\u00e9e, incompl\u00e8te ou d\u00e9su\u00e8te, Low Murchison Radnoff s.r.l. prendra les mesures n\u00e9cessaires pour la corriger.<\/p>\n<p><strong>Vos renseignements personnels sont-ils en s\u00e9curit\u00e9?<\/strong><\/p>\n<p>Low Murchison Radnoff s.r.l. prend toutes les pr\u00e9cautions n\u00e9cessaires pour s\u2019assurer que vos renseignements personnels ne soient pas perdus, modifi\u00e9s, divulgu\u00e9es ou acc\u00e9d\u00e9s sans autorisation. Nous prenons les mesures suivantes pour assurer la protection de nos renseignements\u00a0:<\/p>\n<ul>\n<li>Lieux s\u00e9curitaires;<\/li>\n<li>Dispositifs technologiques de protection tels que les logiciels de s\u00e9curit\u00e9 et des pare-feu pour emp\u00eacher le piratage et les acc\u00e8s informatiques non-autoris\u00e9s;<\/li>\n<li>Entreposage externe et s\u00e9curis\u00e9 des dossiers;<\/li>\n<li>Mots de passe internes et politiques de s\u00e9curit\u00e9.<\/li>\n<\/ul>\n<p>Bien que nous prenons toutes les mesures n\u00e9cessaires pour assurer le respect de vos renseignementsconfidentielles, nous aimerions vous rappelez que, m\u00eame si vous communiquez vos renseignements personnels \u00e0 Low Murchison Radnoff s.r.l. il est impossible d\u2019assurer une protection compl\u00e8te des donn\u00e9es transmises ou enregistr\u00e9es. Les renseignements transmis ou communiqu\u00e9s par courriel, par la poste, au t\u00e9l\u00e9phone, par t\u00e9l\u00e9copieurs et autres moyens \u00e9lectroniques sont tous susceptibles d\u2019\u00eatre redirig\u00e9s, perdus, intercept\u00e9s et utilis\u00e9s de mani\u00e8re non-conforme.<\/p>\n<p><strong>Acc\u00e8s \u00e0 vos renseignements personnels<\/strong><\/p>\n<p>\u00c0 la suite de toute demande effectu\u00e9e, nous vous informerons dans les 30 jours suivants des renseignements en notre possession et nous vous expliquerons comment ces renseignements seront utilis\u00e9s ou comment ils ont \u00e9t\u00e9 utilis\u00e9s par le pass\u00e9. Nous vous transmettrons aussi une liste de personnes \u00e0 qui vos renseignements ont \u00e9t\u00e9 communiqu\u00e9s.<\/p>\n<p>La fourniture de renseignement est sujette aux frais d\u2019honoraires et de d\u00e9bours\u00e9s. Nous vous aviserons de ces frais \u00e0 l\u2019avance.<\/p>\n<p>Dans les cas o\u00f9 ne sommes dans l\u2019impossibilit\u00e9 de r\u00e9pondre \u00e0 votre demande \u00e0 temps, nous vous en informerons avant la fin de la p\u00e9riode de 30 jours.<\/p>\n<p><strong>Vos droits d\u2019acc\u00e8s \u00e0 vos renseignements personnels ne sont pas absolus. Nous pouvons refuser votre demande si:<\/strong><\/p>\n<ul>\n<li>Le refus est requis ou autoris\u00e9 par la loi (par exemple, si un document contenant vos renseignements personnels fait l\u2019objet d\u2019une r\u00e9clamation du privil\u00e8ge professionnel juridique d\u2019un de nos clients);<\/li>\n<li>Les renseignements ont trait \u00e0 des proc\u00e9dures l\u00e9gales pr\u00e9sentes ou futures intent\u00e9es contre vous;<\/li>\n<li>L\u2019acc\u00e8s \u00e0 vos renseignements personnels aurait un impact d\u00e9raisonnable sur la vie priv\u00e9e d\u2019autres personnes;<\/li>\n<li>Cet acc\u00e8s compromettrait toute n\u00e9gociation avec vous;<\/li>\n<li>Pour prot\u00e9ger les droits et les biens du cabinet;<\/li>\n<li>La demande est frivole ou vexatoire<\/li>\n<\/ul>\n<p>Nous justifierons tout refus d\u2019acc\u00e8s aux renseignements personnels ou \u00e0 la correction de ceux-ci.<\/p>\n<p><strong>V\u00e9rification de cr\u00e9dit<\/strong><\/p>\n<p>Nous pourrions, \u00e0 l\u2019occasion, faire une demande \u00e0 votre sujet aux agences de renseignements sur les consommateurs dans le but de nous aider \u00e0 prendre des d\u00e9cisions \u00e0 propos de nos clients et leurs cr\u00e9dits, pr\u00e9venir la fraude, v\u00e9rifier l\u2019identit\u00e9 de nouveaux clients et pr\u00e9venir le blanchiment d\u2019argent.<\/p>\n<p><strong>Modification \u00e0 la d\u00e9claration de confidentialit\u00e9 <\/strong><\/p>\n<p>Low Murchison Radnoff, s.r.l., peut modifier cette d\u00e9claration de temps \u00e0 autre pour refl\u00e9ter les changements dans le traitement des renseignements personnels. Cette d\u00e9claration est en vigueur depuis le 1er janvier 2004 et n\u2019a pas \u00e9t\u00e9 modifi\u00e9e depuis.<\/p>\n<p><strong>Postulations d&#8217;emploi<\/strong><\/p>\n<p>Si vous postulez pour un emploi \u00e0 Low Murchison Radnoff, s.r.l., nous avons l\u2019obligation de tenir compte de vos renseignements personnels dans notre processus de s\u00e9lection. Tous les curriculum vitae seront gard\u00e9s conform\u00e9ment \u00e0 notre d\u00e9claration de confidentialit\u00e9 pour nos dossiers d\u2019employ\u00e9s.<\/p>\n<p>Les renseignements personnels dans votre dossier seront uniquement partag\u00e9s avec les personnes faisant directement partie des d\u00e9partements de ressources humaines et de comptabilit\u00e9. Aucun renseignement personnel ne sera partag\u00e9 avec un tiers sauf dans les cas suivants\u00a0:<\/p>\n<ul>\n<li>Il est raisonnable de croire que ces renseignements seraient utiles dans le cadre d\u2019une enqu\u00eate pour infraction \u00e0 une loi f\u00e9d\u00e9rale, provinciale ou \u00e9trang\u00e8re et que les renseignements en question seraient utilis\u00e9s dans le cadre de l\u2019enqu\u00eate;<\/li>\n<li>Pour toute urgence mettant la vie, la sant\u00e9 ou la s\u00e9curit\u00e9 d\u2019un individu en p\u00e9ril;<\/li>\n<li>Les renseignements sont publics et accessibles;<\/li>\n<li>L\u2019utilisation des renseignements sont clairement dans l\u2019int\u00e9r\u00eat de l\u2019individu et il n\u2019est pas possible d\u2019obtenir son consentement en temps utile;<\/li>\n<li>L\u2019individu a consenti \u00e0 la divulgation des renseignements;<\/li>\n<li>La loi ordonne la divulgation des renseignements.<\/li>\n<\/ul>\n<p><strong>Site Web<\/strong><\/p>\n<p>Notre site Web contient des liens \u00e0 d\u2019autres pages Web qui ne sont pas forc\u00e9ment assujetties \u00e0 cette d\u00e9claration de confidentialit\u00e9.<\/p>\n<p>Comme la majorit\u00e9 des autres sites Web commerciaux, nous surveillons l\u2019achalandage, l\u2019usage et toute autre information connexe pour optimiser les services de notre site Web. Une compilation de ces renseignements pourrait \u00eatre transmise \u00e0 des tiers, mais en aucun cas ces renseignements statistiques comporteront des renseignements personnels identifiables.<\/p>\n<p><strong>Questions<\/strong><\/p>\n<p>Toute questions \u00e0 propos de cette d\u00e9claration devrait \u00eatre adress\u00e9e au professionnel avec qui vous avez communiqu\u00e9, \u00e0 l\u2019associ\u00e9-directeur de Low Murchison Radnoff s.r.l. ou au directeur de la protection des renseignements personnels de notre cabinet, qui peut \u00eatre rejoint \u00e0 l\u2019adresse \u00e9lectronique suivante\u00a0: <a href=\"mailto:chiefprivacyoffice@lmrlawyers.com\">chiefprivacyoffice@lmrlawyers.com<\/a> ou par t\u00e9l\u00e9phone au 613-236-9442. En cas d\u2019insatisfaction, nous vous invitons \u00e0 communiquer avec le Commissaire \u00e0 la protection de la vie priv\u00e9e du Canada, situ\u00e9 \u00e0 l\u2019adresse suivante\u00a0: 112, rue Kent, Ottawa, Ontario K1A 1H3 ou par t\u00e9l\u00e9phone au 1-800-282-1376.<\/p>\n","protected":false},"excerpt":{"rendered":"<p>Politique r\u00e9gissant la collecte, l\u2019utilisation et la communication des renseignements personnels Low Murchison Radnoff s.r.l. reconna\u00eet l\u2019importance de la vie priv\u00e9e et de la protection des renseignements personnels. En tant &hellip; <\/p>\n<p><a class=\"button\" href=\"https:\/\/lmrlawyers.com\/fr\/privacy-policy\/\">Continuer la lecture<\/a><\/p>\n","protected":false},"author":12,"featured_media":0,"parent":0,"menu_order":4,"comment_status":"closed","ping_status":"closed","template":"page-one-column.php","meta":{"_acf_changed":false,"footnotes":""},"class_list":["post-165","page","type-page","status-publish","hentry"],"acf":[],"yoast_head":"<!-- This site is optimized with the Yoast SEO plugin v27.3 - https:\/\/yoast.com\/product\/yoast-seo-wordpress\/ -->\n<title>D\u00e9claration de confidentialit\u00e9 - LMR Lawyers<\/title>\n<meta name=\"robots\" content=\"index, follow, max-snippet:-1, max-image-preview:large, max-video-preview:-1\" \/>\n<link rel=\"canonical\" href=\"https:\/\/lmrlawyers.com\/fr\/privacy-policy\/\" \/>\n<meta property=\"og:locale\" content=\"fr_FR\" \/>\n<meta property=\"og:type\" content=\"article\" \/>\n<meta property=\"og:title\" content=\"D\u00e9claration de confidentialit\u00e9 - LMR Lawyers\" \/>\n<meta property=\"og:description\" content=\"Politique r\u00e9gissant la collecte, l\u2019utilisation et la communication des renseignements personnels Low Murchison Radnoff s.r.l. reconna\u00eet l\u2019importance de la vie priv\u00e9e et de la protection des renseignements personnels. En tant &hellip; Continuer la lecture\" \/>\n<meta property=\"og:url\" content=\"https:\/\/lmrlawyers.com\/fr\/privacy-policy\/\" \/>\n<meta property=\"og:site_name\" content=\"LMR Lawyers\" \/>\n<meta property=\"article:publisher\" content=\"https:\/\/www.facebook.com\/LMRLawyers\" \/>\n<meta property=\"article:modified_time\" content=\"2017-12-01T19:03:57+00:00\" \/>\n<meta name=\"twitter:card\" content=\"summary_large_image\" \/>\n<meta name=\"twitter:site\" content=\"@LMRlawyers\" \/>\n<meta name=\"twitter:label1\" content=\"Dur\u00e9e de lecture estim\u00e9e\" \/>\n\t<meta name=\"twitter:data1\" content=\"9 minutes\" \/>\n<script type=\"application\/ld+json\" class=\"yoast-schema-graph\">{\"@context\":\"https:\\\/\\\/schema.org\",\"@graph\":[{\"@type\":\"WebPage\",\"@id\":\"https:\\\/\\\/lmrlawyers.com\\\/fr\\\/privacy-policy\\\/\",\"url\":\"https:\\\/\\\/lmrlawyers.com\\\/fr\\\/privacy-policy\\\/\",\"name\":\"D\u00e9claration de confidentialit\u00e9 - LMR Lawyers\",\"isPartOf\":{\"@id\":\"https:\\\/\\\/lmrlawyers.com\\\/fr\\\/#website\"},\"datePublished\":\"2015-07-19T21:56:41+00:00\",\"dateModified\":\"2017-12-01T19:03:57+00:00\",\"breadcrumb\":{\"@id\":\"https:\\\/\\\/lmrlawyers.com\\\/fr\\\/privacy-policy\\\/#breadcrumb\"},\"inLanguage\":\"fr-FR\",\"potentialAction\":[{\"@type\":\"ReadAction\",\"target\":[\"https:\\\/\\\/lmrlawyers.com\\\/fr\\\/privacy-policy\\\/\"]}]},{\"@type\":\"BreadcrumbList\",\"@id\":\"https:\\\/\\\/lmrlawyers.com\\\/fr\\\/privacy-policy\\\/#breadcrumb\",\"itemListElement\":[{\"@type\":\"ListItem\",\"position\":1,\"name\":\"Home\",\"item\":\"https:\\\/\\\/lmrlawyers.com\\\/fr\\\/\"},{\"@type\":\"ListItem\",\"position\":2,\"name\":\"D\u00e9claration de confidentialit\u00e9\"}]},{\"@type\":\"WebSite\",\"@id\":\"https:\\\/\\\/lmrlawyers.com\\\/fr\\\/#website\",\"url\":\"https:\\\/\\\/lmrlawyers.com\\\/fr\\\/\",\"name\":\"LMR Lawyers\",\"description\":\"\",\"publisher\":{\"@id\":\"https:\\\/\\\/lmrlawyers.com\\\/fr\\\/#organization\"},\"potentialAction\":[{\"@type\":\"SearchAction\",\"target\":{\"@type\":\"EntryPoint\",\"urlTemplate\":\"https:\\\/\\\/lmrlawyers.com\\\/fr\\\/?s={search_term_string}\"},\"query-input\":{\"@type\":\"PropertyValueSpecification\",\"valueRequired\":true,\"valueName\":\"search_term_string\"}}],\"inLanguage\":\"fr-FR\"},{\"@type\":\"Organization\",\"@id\":\"https:\\\/\\\/lmrlawyers.com\\\/fr\\\/#organization\",\"name\":\"Low Murchison Radnoff LLP\",\"url\":\"https:\\\/\\\/lmrlawyers.com\\\/fr\\\/\",\"logo\":{\"@type\":\"ImageObject\",\"inLanguage\":\"fr-FR\",\"@id\":\"https:\\\/\\\/lmrlawyers.com\\\/fr\\\/#\\\/schema\\\/logo\\\/image\\\/\",\"url\":\"https:\\\/\\\/lmrlawyers.com\\\/wp-content\\\/uploads\\\/2015\\\/07\\\/logo.png\",\"contentUrl\":\"https:\\\/\\\/lmrlawyers.com\\\/wp-content\\\/uploads\\\/2015\\\/07\\\/logo.png\",\"width\":276,\"height\":79,\"caption\":\"Low Murchison Radnoff LLP\"},\"image\":{\"@id\":\"https:\\\/\\\/lmrlawyers.com\\\/fr\\\/#\\\/schema\\\/logo\\\/image\\\/\"},\"sameAs\":[\"https:\\\/\\\/www.facebook.com\\\/LMRLawyers\",\"https:\\\/\\\/x.com\\\/LMRlawyers\",\"https:\\\/\\\/www.linkedin.com\\\/company\\\/low-murchison-radnoff-llp\"]}]}<\/script>\n<!-- \/ Yoast SEO plugin. -->","yoast_head_json":{"title":"D\u00e9claration de confidentialit\u00e9 - LMR Lawyers","robots":{"index":"index","follow":"follow","max-snippet":"max-snippet:-1","max-image-preview":"max-image-preview:large","max-video-preview":"max-video-preview:-1"},"canonical":"https:\/\/lmrlawyers.com\/fr\/privacy-policy\/","og_locale":"fr_FR","og_type":"article","og_title":"D\u00e9claration de confidentialit\u00e9 - LMR Lawyers","og_description":"Politique r\u00e9gissant la collecte, l\u2019utilisation et la communication des renseignements personnels Low Murchison Radnoff s.r.l. reconna\u00eet l\u2019importance de la vie priv\u00e9e et de la protection des renseignements personnels. En tant &hellip; Continuer la lecture","og_url":"https:\/\/lmrlawyers.com\/fr\/privacy-policy\/","og_site_name":"LMR Lawyers","article_publisher":"https:\/\/www.facebook.com\/LMRLawyers","article_modified_time":"2017-12-01T19:03:57+00:00","twitter_card":"summary_large_image","twitter_site":"@LMRlawyers","twitter_misc":{"Dur\u00e9e de lecture estim\u00e9e":"9 minutes"},"schema":{"@context":"https:\/\/schema.org","@graph":[{"@type":"WebPage","@id":"https:\/\/lmrlawyers.com\/fr\/privacy-policy\/","url":"https:\/\/lmrlawyers.com\/fr\/privacy-policy\/","name":"D\u00e9claration de confidentialit\u00e9 - LMR Lawyers","isPartOf":{"@id":"https:\/\/lmrlawyers.com\/fr\/#website"},"datePublished":"2015-07-19T21:56:41+00:00","dateModified":"2017-12-01T19:03:57+00:00","breadcrumb":{"@id":"https:\/\/lmrlawyers.com\/fr\/privacy-policy\/#breadcrumb"},"inLanguage":"fr-FR","potentialAction":[{"@type":"ReadAction","target":["https:\/\/lmrlawyers.com\/fr\/privacy-policy\/"]}]},{"@type":"BreadcrumbList","@id":"https:\/\/lmrlawyers.com\/fr\/privacy-policy\/#breadcrumb","itemListElement":[{"@type":"ListItem","position":1,"name":"Home","item":"https:\/\/lmrlawyers.com\/fr\/"},{"@type":"ListItem","position":2,"name":"D\u00e9claration de confidentialit\u00e9"}]},{"@type":"WebSite","@id":"https:\/\/lmrlawyers.com\/fr\/#website","url":"https:\/\/lmrlawyers.com\/fr\/","name":"LMR Lawyers","description":"","publisher":{"@id":"https:\/\/lmrlawyers.com\/fr\/#organization"},"potentialAction":[{"@type":"SearchAction","target":{"@type":"EntryPoint","urlTemplate":"https:\/\/lmrlawyers.com\/fr\/?s={search_term_string}"},"query-input":{"@type":"PropertyValueSpecification","valueRequired":true,"valueName":"search_term_string"}}],"inLanguage":"fr-FR"},{"@type":"Organization","@id":"https:\/\/lmrlawyers.com\/fr\/#organization","name":"Low Murchison Radnoff LLP","url":"https:\/\/lmrlawyers.com\/fr\/","logo":{"@type":"ImageObject","inLanguage":"fr-FR","@id":"https:\/\/lmrlawyers.com\/fr\/#\/schema\/logo\/image\/","url":"https:\/\/lmrlawyers.com\/wp-content\/uploads\/2015\/07\/logo.png","contentUrl":"https:\/\/lmrlawyers.com\/wp-content\/uploads\/2015\/07\/logo.png","width":276,"height":79,"caption":"Low Murchison Radnoff LLP"},"image":{"@id":"https:\/\/lmrlawyers.com\/fr\/#\/schema\/logo\/image\/"},"sameAs":["https:\/\/www.facebook.com\/LMRLawyers","https:\/\/x.com\/LMRlawyers","https:\/\/www.linkedin.com\/company\/low-murchison-radnoff-llp"]}]}},"_links":{"self":[{"href":"https:\/\/lmrlawyers.com\/fr\/wp-json\/wp\/v2\/pages\/165","targetHints":{"allow":["GET"]}}],"collection":[{"href":"https:\/\/lmrlawyers.com\/fr\/wp-json\/wp\/v2\/pages"}],"about":[{"href":"https:\/\/lmrlawyers.com\/fr\/wp-json\/wp\/v2\/types\/page"}],"author":[{"embeddable":true,"href":"https:\/\/lmrlawyers.com\/fr\/wp-json\/wp\/v2\/users\/12"}],"replies":[{"embeddable":true,"href":"https:\/\/lmrlawyers.com\/fr\/wp-json\/wp\/v2\/comments?post=165"}],"version-history":[{"count":5,"href":"https:\/\/lmrlawyers.com\/fr\/wp-json\/wp\/v2\/pages\/165\/revisions"}],"predecessor-version":[{"id":2992,"href":"https:\/\/lmrlawyers.com\/fr\/wp-json\/wp\/v2\/pages\/165\/revisions\/2992"}],"wp:attachment":[{"href":"https:\/\/lmrlawyers.com\/fr\/wp-json\/wp\/v2\/media?parent=165"}],"curies":[{"name":"wp","href":"https:\/\/api.w.org\/{rel}","templated":true}]}}