{"id":162,"date":"2015-07-19T17:56:41","date_gmt":"2015-07-19T21:56:41","guid":{"rendered":"https:\/\/lmrlawyers.com\/\/contact-us\/?lang=fr"},"modified":"2018-08-31T12:11:48","modified_gmt":"2018-08-31T16:11:48","slug":"contactez-nous","status":"publish","type":"page","link":"https:\/\/lmrlawyers.com\/fr\/contactez-nous\/","title":{"rendered":"<span>Contactez<\/span>-nous"},"content":{"rendered":"<p>Vous voulez nous rejoindre? Appelez-nous, envoyez-nous une t\u00e9l\u00e9copie ou un courriel, ou venez nous voir au\u00a0bureau. Nous avons h\u00e2te de vous rencontrer.<\/p>\n<p><strong>1565\u00a0 avenue Carling, bureau 400<\/strong><br \/>\n<strong>Carling Executive Park<\/strong><br \/>\n<strong>Ottawa, Ontario<\/strong><br \/>\n<strong>K1Z 8R1<\/strong><\/p>\n<p><strong>T\u00e9l.\u00a0: 613-236-9442<\/strong><br \/>\n<strong>T\u00e9l\u00e9c.\u00a0: 613-236-7942<\/strong><br \/>\n<strong>Sans frais : 1-888-909-9442<\/strong><br \/>\n<strong>Courriel : <a href=\"mailto:lawyer@lowmurchison.com\">lawyer@lmrlawyers.com<\/a><\/strong><\/p>\n<p>Nos bureaux sont ouverts du<br \/>\nlundi au vendredi de 0830 h \u00e0 1700 h<\/p>\n<hr \/>\n<p><strong>Stationnement<\/strong><\/p>\n<p>Il y a\u00a0du stationnement payant \u00e0 c\u00f4t\u00e9 de nos bureaux.<\/p>\n<div class=\"column-block\">\n<div class=\"wpcf7 no-js\" id=\"wpcf7-f2896-o1\" lang=\"en-US\" dir=\"ltr\" data-wpcf7-id=\"2896\">\n<div class=\"screen-reader-response\"><p role=\"status\" aria-live=\"polite\" aria-atomic=\"true\"><\/p> <ul><\/ul><\/div>\n<form action=\"\/fr\/wp-json\/wp\/v2\/pages\/162#wpcf7-f2896-o1\" method=\"post\" class=\"wpcf7-form init\" aria-label=\"Contact form\" novalidate=\"novalidate\" data-status=\"init\">\n<fieldset class=\"hidden-fields-container\"><input type=\"hidden\" name=\"_wpcf7\" value=\"2896\" \/><input type=\"hidden\" name=\"_wpcf7_version\" value=\"6.1.5\" \/><input type=\"hidden\" name=\"_wpcf7_locale\" value=\"en_US\" \/><input type=\"hidden\" name=\"_wpcf7_unit_tag\" value=\"wpcf7-f2896-o1\" \/><input type=\"hidden\" name=\"_wpcf7_container_post\" value=\"0\" \/><input type=\"hidden\" name=\"_wpcf7_posted_data_hash\" value=\"\" \/>\n<\/fieldset>\n<div class=\"column-group\">\n\t<div class=\"all-50 small-100 tiny-100\">\n\t\t<div class=\"field-surround\">\n\t\t\t<p><label class=\"label\" for=\"lmr-name\">Votre nom et pr\u00e9nom<\/label><span class=\"wpcf7-form-control-wrap\" data-name=\"lmr-name\"><input size=\"40\" maxlength=\"400\" class=\"wpcf7-form-control wpcf7-text wpcf7-validates-as-required all-100\" id=\"lmr-name\" aria-required=\"true\" aria-invalid=\"false\" value=\"\" type=\"text\" name=\"lmr-name\" \/><\/span>\n\t\t\t<\/p>\n\t\t<\/div>\n\t<\/div>\n\t<div class=\"all-50 small-100 tiny-100\">\n\t\t<div class=\"field-surround\">\n\t\t\t<p><label class=\"label\" for=\"lmr-email\">Courriel<\/label><span class=\"wpcf7-form-control-wrap\" data-name=\"lmr-email\"><input size=\"40\" maxlength=\"400\" class=\"wpcf7-form-control wpcf7-email wpcf7-validates-as-required wpcf7-text wpcf7-validates-as-email all-100\" id=\"lmr-email\" aria-required=\"true\" aria-invalid=\"false\" value=\"\" type=\"email\" name=\"lmr-email\" \/><\/span>\n\t\t\t<\/p>\n\t\t<\/div>\n\t<\/div>\n\t<div class=\"all-50 small-100 tiny-100\">\n\t\t<div class=\"field-surround\">\n\t\t\t<p><label class=\"label\" for=\"lmr-phone\">T\u00e9l\u00e9phone<\/label><span class=\"wpcf7-form-control-wrap\" data-name=\"lmr-phone\"><input size=\"40\" maxlength=\"400\" class=\"wpcf7-form-control wpcf7-tel wpcf7-validates-as-required wpcf7-text wpcf7-validates-as-tel all-100\" id=\"lmr-phone\" aria-required=\"true\" aria-invalid=\"false\" value=\"\" type=\"tel\" name=\"lmr-phone\" \/><\/span>\n\t\t\t<\/p>\n\t\t<\/div>\n\t<\/div>\n\t<div class=\"all-50 small-100 tiny-100\">\n\t\t<div class=\"field-surround\">\n\t\t\t<p><label class=\"label\" for=\"lmr-subject\">Sujet<\/label><span class=\"wpcf7-form-control-wrap\" data-name=\"lmr-subject\"><input size=\"40\" maxlength=\"400\" class=\"wpcf7-form-control wpcf7-text wpcf7-validates-as-required all-100\" id=\"lmr-subject\" aria-required=\"true\" aria-invalid=\"false\" value=\"\" type=\"text\" name=\"lmr-subject\" \/><\/span>\n\t\t\t<\/p>\n\t\t<\/div>\n\t<\/div>\n\t<div class=\"all-100 small-100 tiny-100\">\n\t\t<div class=\"field-surround\">\n\t\t\t<p><label class=\"label\" for=\"lmr-message\">Message<\/label><span class=\"wpcf7-form-control-wrap\" data-name=\"lmr-message\"><textarea cols=\"40\" rows=\"10\" maxlength=\"2000\" class=\"wpcf7-form-control wpcf7-textarea wpcf7-validates-as-required all-100\" id=\"lmr-message\" aria-required=\"true\" aria-invalid=\"false\" name=\"lmr-message\"><\/textarea><\/span>\n\t\t\t<\/p>\n\t\t<\/div>\n\t<\/div>\n\t<div class=\"all-100 align-right\">\n\t\t<div class=\"field-margin\">\n\t\t\t<p><input class=\"wpcf7-form-control wpcf7-submit has-spinner\" type=\"submit\" value=\"Send\" \/>\n\t\t\t<\/p>\n\t\t<\/div>\n\t<\/div>\n<\/div><div class=\"wpcf7-response-output\" aria-hidden=\"true\"><\/div>\n<\/form>\n<\/div>\n<\/div>\n","protected":false},"excerpt":{"rendered":"<p>Vous voulez nous rejoindre? Appelez-nous, envoyez-nous une t\u00e9l\u00e9copie ou un courriel, ou venez nous voir au\u00a0bureau. Nous avons h\u00e2te de vous rencontrer. 1565\u00a0 avenue Carling, bureau 400 Carling Executive Park &hellip; <\/p>\n<p><a class=\"button\" href=\"https:\/\/lmrlawyers.com\/fr\/contactez-nous\/\">Continuer la lecture<\/a><\/p>\n","protected":false},"author":12,"featured_media":0,"parent":0,"menu_order":20,"comment_status":"closed","ping_status":"closed","template":"","meta":{"_acf_changed":false,"footnotes":""},"class_list":["post-162","page","type-page","status-publish","hentry"],"acf":[],"yoast_head":"<!-- This site is optimized with the Yoast SEO plugin v27.3 - https:\/\/yoast.com\/product\/yoast-seo-wordpress\/ -->\n<title>Contactez-nous - LMR Lawyers<\/title>\n<meta name=\"robots\" content=\"index, follow, max-snippet:-1, max-image-preview:large, max-video-preview:-1\" \/>\n<link rel=\"canonical\" href=\"https:\/\/lmrlawyers.com\/fr\/contactez-nous\/\" \/>\n<meta property=\"og:locale\" content=\"fr_FR\" \/>\n<meta property=\"og:type\" content=\"article\" \/>\n<meta property=\"og:title\" content=\"Contactez-nous - LMR Lawyers\" \/>\n<meta property=\"og:description\" content=\"Vous voulez nous rejoindre? Appelez-nous, envoyez-nous une t\u00e9l\u00e9copie ou un courriel, ou venez nous voir au\u00a0bureau. Nous avons h\u00e2te de vous rencontrer. 1565\u00a0 avenue Carling, bureau 400 Carling Executive Park &hellip; Continuer la lecture\" \/>\n<meta property=\"og:url\" content=\"https:\/\/lmrlawyers.com\/fr\/contactez-nous\/\" \/>\n<meta property=\"og:site_name\" content=\"LMR Lawyers\" \/>\n<meta property=\"article:publisher\" content=\"https:\/\/www.facebook.com\/LMRLawyers\" \/>\n<meta property=\"article:modified_time\" content=\"2018-08-31T16:11:48+00:00\" \/>\n<meta name=\"twitter:card\" content=\"summary_large_image\" \/>\n<meta name=\"twitter:site\" content=\"@LMRlawyers\" \/>\n<script type=\"application\/ld+json\" class=\"yoast-schema-graph\">{\"@context\":\"https:\\\/\\\/schema.org\",\"@graph\":[{\"@type\":\"WebPage\",\"@id\":\"https:\\\/\\\/lmrlawyers.com\\\/fr\\\/contactez-nous\\\/\",\"url\":\"https:\\\/\\\/lmrlawyers.com\\\/fr\\\/contactez-nous\\\/\",\"name\":\"Contactez-nous - LMR Lawyers\",\"isPartOf\":{\"@id\":\"https:\\\/\\\/lmrlawyers.com\\\/fr\\\/#website\"},\"datePublished\":\"2015-07-19T21:56:41+00:00\",\"dateModified\":\"2018-08-31T16:11:48+00:00\",\"breadcrumb\":{\"@id\":\"https:\\\/\\\/lmrlawyers.com\\\/fr\\\/contactez-nous\\\/#breadcrumb\"},\"inLanguage\":\"fr-FR\",\"potentialAction\":[{\"@type\":\"ReadAction\",\"target\":[\"https:\\\/\\\/lmrlawyers.com\\\/fr\\\/contactez-nous\\\/\"]}]},{\"@type\":\"BreadcrumbList\",\"@id\":\"https:\\\/\\\/lmrlawyers.com\\\/fr\\\/contactez-nous\\\/#breadcrumb\",\"itemListElement\":[{\"@type\":\"ListItem\",\"position\":1,\"name\":\"Home\",\"item\":\"https:\\\/\\\/lmrlawyers.com\\\/fr\\\/\"},{\"@type\":\"ListItem\",\"position\":2,\"name\":\"Contactez-nous\"}]},{\"@type\":\"WebSite\",\"@id\":\"https:\\\/\\\/lmrlawyers.com\\\/fr\\\/#website\",\"url\":\"https:\\\/\\\/lmrlawyers.com\\\/fr\\\/\",\"name\":\"LMR Lawyers\",\"description\":\"\",\"publisher\":{\"@id\":\"https:\\\/\\\/lmrlawyers.com\\\/fr\\\/#organization\"},\"potentialAction\":[{\"@type\":\"SearchAction\",\"target\":{\"@type\":\"EntryPoint\",\"urlTemplate\":\"https:\\\/\\\/lmrlawyers.com\\\/fr\\\/?s={search_term_string}\"},\"query-input\":{\"@type\":\"PropertyValueSpecification\",\"valueRequired\":true,\"valueName\":\"search_term_string\"}}],\"inLanguage\":\"fr-FR\"},{\"@type\":\"Organization\",\"@id\":\"https:\\\/\\\/lmrlawyers.com\\\/fr\\\/#organization\",\"name\":\"Low Murchison Radnoff LLP\",\"url\":\"https:\\\/\\\/lmrlawyers.com\\\/fr\\\/\",\"logo\":{\"@type\":\"ImageObject\",\"inLanguage\":\"fr-FR\",\"@id\":\"https:\\\/\\\/lmrlawyers.com\\\/fr\\\/#\\\/schema\\\/logo\\\/image\\\/\",\"url\":\"https:\\\/\\\/lmrlawyers.com\\\/wp-content\\\/uploads\\\/2015\\\/07\\\/logo.png\",\"contentUrl\":\"https:\\\/\\\/lmrlawyers.com\\\/wp-content\\\/uploads\\\/2015\\\/07\\\/logo.png\",\"width\":276,\"height\":79,\"caption\":\"Low Murchison Radnoff LLP\"},\"image\":{\"@id\":\"https:\\\/\\\/lmrlawyers.com\\\/fr\\\/#\\\/schema\\\/logo\\\/image\\\/\"},\"sameAs\":[\"https:\\\/\\\/www.facebook.com\\\/LMRLawyers\",\"https:\\\/\\\/x.com\\\/LMRlawyers\",\"https:\\\/\\\/www.linkedin.com\\\/company\\\/low-murchison-radnoff-llp\"]}]}<\/script>\n<!-- \/ Yoast SEO plugin. -->","yoast_head_json":{"title":"Contactez-nous - LMR Lawyers","robots":{"index":"index","follow":"follow","max-snippet":"max-snippet:-1","max-image-preview":"max-image-preview:large","max-video-preview":"max-video-preview:-1"},"canonical":"https:\/\/lmrlawyers.com\/fr\/contactez-nous\/","og_locale":"fr_FR","og_type":"article","og_title":"Contactez-nous - LMR Lawyers","og_description":"Vous voulez nous rejoindre? Appelez-nous, envoyez-nous une t\u00e9l\u00e9copie ou un courriel, ou venez nous voir au\u00a0bureau. Nous avons h\u00e2te de vous rencontrer. 1565\u00a0 avenue Carling, bureau 400 Carling Executive Park &hellip; Continuer la lecture","og_url":"https:\/\/lmrlawyers.com\/fr\/contactez-nous\/","og_site_name":"LMR Lawyers","article_publisher":"https:\/\/www.facebook.com\/LMRLawyers","article_modified_time":"2018-08-31T16:11:48+00:00","twitter_card":"summary_large_image","twitter_site":"@LMRlawyers","schema":{"@context":"https:\/\/schema.org","@graph":[{"@type":"WebPage","@id":"https:\/\/lmrlawyers.com\/fr\/contactez-nous\/","url":"https:\/\/lmrlawyers.com\/fr\/contactez-nous\/","name":"Contactez-nous - LMR Lawyers","isPartOf":{"@id":"https:\/\/lmrlawyers.com\/fr\/#website"},"datePublished":"2015-07-19T21:56:41+00:00","dateModified":"2018-08-31T16:11:48+00:00","breadcrumb":{"@id":"https:\/\/lmrlawyers.com\/fr\/contactez-nous\/#breadcrumb"},"inLanguage":"fr-FR","potentialAction":[{"@type":"ReadAction","target":["https:\/\/lmrlawyers.com\/fr\/contactez-nous\/"]}]},{"@type":"BreadcrumbList","@id":"https:\/\/lmrlawyers.com\/fr\/contactez-nous\/#breadcrumb","itemListElement":[{"@type":"ListItem","position":1,"name":"Home","item":"https:\/\/lmrlawyers.com\/fr\/"},{"@type":"ListItem","position":2,"name":"Contactez-nous"}]},{"@type":"WebSite","@id":"https:\/\/lmrlawyers.com\/fr\/#website","url":"https:\/\/lmrlawyers.com\/fr\/","name":"LMR Lawyers","description":"","publisher":{"@id":"https:\/\/lmrlawyers.com\/fr\/#organization"},"potentialAction":[{"@type":"SearchAction","target":{"@type":"EntryPoint","urlTemplate":"https:\/\/lmrlawyers.com\/fr\/?s={search_term_string}"},"query-input":{"@type":"PropertyValueSpecification","valueRequired":true,"valueName":"search_term_string"}}],"inLanguage":"fr-FR"},{"@type":"Organization","@id":"https:\/\/lmrlawyers.com\/fr\/#organization","name":"Low Murchison Radnoff LLP","url":"https:\/\/lmrlawyers.com\/fr\/","logo":{"@type":"ImageObject","inLanguage":"fr-FR","@id":"https:\/\/lmrlawyers.com\/fr\/#\/schema\/logo\/image\/","url":"https:\/\/lmrlawyers.com\/wp-content\/uploads\/2015\/07\/logo.png","contentUrl":"https:\/\/lmrlawyers.com\/wp-content\/uploads\/2015\/07\/logo.png","width":276,"height":79,"caption":"Low Murchison Radnoff LLP"},"image":{"@id":"https:\/\/lmrlawyers.com\/fr\/#\/schema\/logo\/image\/"},"sameAs":["https:\/\/www.facebook.com\/LMRLawyers","https:\/\/x.com\/LMRlawyers","https:\/\/www.linkedin.com\/company\/low-murchison-radnoff-llp"]}]}},"_links":{"self":[{"href":"https:\/\/lmrlawyers.com\/fr\/wp-json\/wp\/v2\/pages\/162","targetHints":{"allow":["GET"]}}],"collection":[{"href":"https:\/\/lmrlawyers.com\/fr\/wp-json\/wp\/v2\/pages"}],"about":[{"href":"https:\/\/lmrlawyers.com\/fr\/wp-json\/wp\/v2\/types\/page"}],"author":[{"embeddable":true,"href":"https:\/\/lmrlawyers.com\/fr\/wp-json\/wp\/v2\/users\/12"}],"replies":[{"embeddable":true,"href":"https:\/\/lmrlawyers.com\/fr\/wp-json\/wp\/v2\/comments?post=162"}],"version-history":[{"count":5,"href":"https:\/\/lmrlawyers.com\/fr\/wp-json\/wp\/v2\/pages\/162\/revisions"}],"predecessor-version":[{"id":3628,"href":"https:\/\/lmrlawyers.com\/fr\/wp-json\/wp\/v2\/pages\/162\/revisions\/3628"}],"wp:attachment":[{"href":"https:\/\/lmrlawyers.com\/fr\/wp-json\/wp\/v2\/media?parent=162"}],"curies":[{"name":"wp","href":"https:\/\/api.w.org\/{rel}","templated":true}]}}